{"id":1747,"date":"2021-04-09T10:18:16","date_gmt":"2021-04-09T08:18:16","guid":{"rendered":"https:\/\/www.ledomaineduchene.fr\/?post_type=product&#038;p=1747"},"modified":"2023-05-02T18:26:12","modified_gmt":"2023-05-02T16:26:12","slug":"cognac-xo-heritage-edition-limitee","status":"publish","type":"product","link":"https:\/\/www.ledomaineduchene.fr\/en\/produit\/cognac-xo-heritage-edition-limitee\/","title":{"rendered":"Cognac XO H\u00e9ritage Edition Limit\u00e9e"},"content":{"rendered":"<div class=\"page\" title=\"Page 24\">\n<div class=\"section\">\n<div class=\"layoutArea\">\n<div class=\"column\">\n<p>This XO H\u00e9ritage cognac has a deep colour. It has a complex, round nose and a smooth, suave entry into the mouth. When it opens, we discover all its complexity and the history it carries within it. Supple and generous on the palate, this Cognac gradually reveals all the richness of its palette of flavours, combining notes of wood, quince with a slight hint of leather and vanilla. The finish<br \/>\nThe end of the mouth allows us to realise the age of this XO while keeping this round and greedy side of passion fruit which makes us want to relive this gustatory epic.<\/p>\n<p><strong>Grape variety : Ugni blanc<\/strong><br \/>\n<strong>Ageing : Limousin oak barrels<\/strong><br \/>\n<strong>Blending : Yes<\/strong><br \/>\n<strong>Visual aspect : Brilliant, deep and amber<\/strong><br \/>\n<strong>Olfactory aspect : Smooth, round, suave.<\/strong><br \/>\n<strong>Taste : Woody, vanilla, passion fruit<\/strong><br \/>\n<strong>Alcohol content : 43%.<\/strong><\/p>\n<\/div>\n<\/div>\n<\/div>\n<\/div>\n","protected":false},"excerpt":{"rendered":"<p>This XO H\u00e9ritage cognac has a deep colour. It has a complex, round nose and a smooth, suave entry into the mouth. When it opens, we discover all its complexity and the history it carries within it. Supple and generous on the palate, this Cognac gradually reveals all the richness of its palette of flavours, [&hellip;]<\/p>\n","protected":false},"featured_media":1856,"template":"","meta":[],"product_cat":[110,112],"product_tag":[],"class_list":{"0":"post-1747","1":"product","2":"type-product","3":"status-publish","4":"has-post-thumbnail","6":"product_cat-cognac-en","7":"product_cat-produits-dexception-en","8":"shop-item","9":"isotope-item","11":"first","12":"instock","13":"shipping-taxable","14":"purchasable","15":"product-type-simple"},"yoast_head":"<!-- This site is optimized with the Yoast SEO plugin v23.4 - https:\/\/yoast.com\/wordpress\/plugins\/seo\/ -->\n<title>Cognac XO H\u00e9ritage Edition Limit\u00e9e | Domaine du Ch\u00eane<\/title>\n<meta name=\"robots\" content=\"index, follow, max-snippet:-1, max-image-preview:large, max-video-preview:-1\" \/>\n<link rel=\"canonical\" href=\"https:\/\/www.ledomaineduchene.fr\/en\/produit\/cognac-xo-heritage-edition-limitee\/\" \/>\n<meta property=\"og:locale\" content=\"en_US\" \/>\n<meta property=\"og:type\" content=\"article\" \/>\n<meta property=\"og:title\" content=\"Cognac XO H\u00e9ritage Edition Limit\u00e9e | Domaine du Ch\u00eane\" \/>\n<meta property=\"og:description\" content=\"This XO H\u00e9ritage cognac has a deep colour. It has a complex, round nose and a smooth, suave entry into the mouth. When it opens, we discover all its complexity and the history it carries within it. Supple and generous on the palate, this Cognac gradually reveals all the richness of its palette of flavours, [&hellip;]\" \/>\n<meta property=\"og:url\" content=\"https:\/\/www.ledomaineduchene.fr\/en\/produit\/cognac-xo-heritage-edition-limitee\/\" \/>\n<meta property=\"og:site_name\" content=\"Domaine du Ch\u00eane\" \/>\n<meta property=\"article:modified_time\" content=\"2023-05-02T16:26:12+00:00\" \/>\n<meta property=\"og:image\" content=\"https:\/\/www.ledomaineduchene.fr\/wp-content\/uploads\/2020\/11\/XO_Heritage-copie-scaled.jpg\" \/>\n\t<meta property=\"og:image:width\" content=\"2560\" \/>\n\t<meta property=\"og:image:height\" content=\"1707\" \/>\n\t<meta property=\"og:image:type\" content=\"image\/jpeg\" \/>\n<meta name=\"twitter:card\" content=\"summary_large_image\" \/>\n<meta name=\"twitter:label1\" content=\"Est. reading time\" \/>\n\t<meta name=\"twitter:data1\" content=\"1 minute\" \/>\n<script type=\"application\/ld+json\" class=\"yoast-schema-graph\">{\"@context\":\"https:\/\/schema.org\",\"@graph\":[{\"@type\":\"WebPage\",\"@id\":\"https:\/\/www.ledomaineduchene.fr\/en\/produit\/cognac-xo-heritage-edition-limitee\/\",\"url\":\"https:\/\/www.ledomaineduchene.fr\/en\/produit\/cognac-xo-heritage-edition-limitee\/\",\"name\":\"Cognac XO H\u00e9ritage Edition Limit\u00e9e | Domaine du Ch\u00eane\",\"isPartOf\":{\"@id\":\"https:\/\/www.ledomaineduchene.fr\/#website\"},\"primaryImageOfPage\":{\"@id\":\"https:\/\/www.ledomaineduchene.fr\/en\/produit\/cognac-xo-heritage-edition-limitee\/#primaryimage\"},\"image\":{\"@id\":\"https:\/\/www.ledomaineduchene.fr\/en\/produit\/cognac-xo-heritage-edition-limitee\/#primaryimage\"},\"thumbnailUrl\":\"https:\/\/www.ledomaineduchene.fr\/wp-content\/uploads\/2020\/11\/XO_Heritage-copie-scaled.jpg\",\"datePublished\":\"2021-04-09T08:18:16+00:00\",\"dateModified\":\"2023-05-02T16:26:12+00:00\",\"breadcrumb\":{\"@id\":\"https:\/\/www.ledomaineduchene.fr\/en\/produit\/cognac-xo-heritage-edition-limitee\/#breadcrumb\"},\"inLanguage\":\"en-US\",\"potentialAction\":[{\"@type\":\"ReadAction\",\"target\":[\"https:\/\/www.ledomaineduchene.fr\/en\/produit\/cognac-xo-heritage-edition-limitee\/\"]}]},{\"@type\":\"ImageObject\",\"inLanguage\":\"en-US\",\"@id\":\"https:\/\/www.ledomaineduchene.fr\/en\/produit\/cognac-xo-heritage-edition-limitee\/#primaryimage\",\"url\":\"https:\/\/www.ledomaineduchene.fr\/wp-content\/uploads\/2020\/11\/XO_Heritage-copie-scaled.jpg\",\"contentUrl\":\"https:\/\/www.ledomaineduchene.fr\/wp-content\/uploads\/2020\/11\/XO_Heritage-copie-scaled.jpg\",\"width\":2560,\"height\":1707},{\"@type\":\"BreadcrumbList\",\"@id\":\"https:\/\/www.ledomaineduchene.fr\/en\/produit\/cognac-xo-heritage-edition-limitee\/#breadcrumb\",\"itemListElement\":[{\"@type\":\"ListItem\",\"position\":1,\"name\":\"Accueil\",\"item\":\"https:\/\/www.ledomaineduchene.fr\/en\/\"},{\"@type\":\"ListItem\",\"position\":2,\"name\":\"Boutique\",\"item\":\"https:\/\/www.ledomaineduchene.fr\/boutique\/\"},{\"@type\":\"ListItem\",\"position\":3,\"name\":\"Cognac XO H\u00e9ritage Edition Limit\u00e9e\"}]},{\"@type\":\"WebSite\",\"@id\":\"https:\/\/www.ledomaineduchene.fr\/#website\",\"url\":\"https:\/\/www.ledomaineduchene.fr\/\",\"name\":\"Domaine du Ch\u00eane\",\"description\":\"\",\"publisher\":{\"@id\":\"https:\/\/www.ledomaineduchene.fr\/#organization\"},\"potentialAction\":[{\"@type\":\"SearchAction\",\"target\":{\"@type\":\"EntryPoint\",\"urlTemplate\":\"https:\/\/www.ledomaineduchene.fr\/?s={search_term_string}\"},\"query-input\":{\"@type\":\"PropertyValueSpecification\",\"valueRequired\":true,\"valueName\":\"search_term_string\"}}],\"inLanguage\":\"en-US\"},{\"@type\":\"Organization\",\"@id\":\"https:\/\/www.ledomaineduchene.fr\/#organization\",\"name\":\"Le Domaine du Ch\u00eane\",\"url\":\"https:\/\/www.ledomaineduchene.fr\/\",\"logo\":{\"@type\":\"ImageObject\",\"inLanguage\":\"en-US\",\"@id\":\"https:\/\/www.ledomaineduchene.fr\/#\/schema\/logo\/image\/\",\"url\":\"https:\/\/www.ledomaineduchene.fr\/wp-content\/uploads\/2020\/11\/logo_small.png\",\"contentUrl\":\"https:\/\/www.ledomaineduchene.fr\/wp-content\/uploads\/2020\/11\/logo_small.png\",\"width\":88,\"height\":60,\"caption\":\"Le Domaine du Ch\u00eane\"},\"image\":{\"@id\":\"https:\/\/www.ledomaineduchene.fr\/#\/schema\/logo\/image\/\"}}]}<\/script>\n<!-- \/ Yoast SEO plugin. -->","yoast_head_json":{"title":"Cognac XO H\u00e9ritage Edition Limit\u00e9e | Domaine du Ch\u00eane","robots":{"index":"index","follow":"follow","max-snippet":"max-snippet:-1","max-image-preview":"max-image-preview:large","max-video-preview":"max-video-preview:-1"},"canonical":"https:\/\/www.ledomaineduchene.fr\/en\/produit\/cognac-xo-heritage-edition-limitee\/","og_locale":"en_US","og_type":"article","og_title":"Cognac XO H\u00e9ritage Edition Limit\u00e9e | Domaine du Ch\u00eane","og_description":"This XO H\u00e9ritage cognac has a deep colour. It has a complex, round nose and a smooth, suave entry into the mouth. When it opens, we discover all its complexity and the history it carries within it. Supple and generous on the palate, this Cognac gradually reveals all the richness of its palette of flavours, [&hellip;]","og_url":"https:\/\/www.ledomaineduchene.fr\/en\/produit\/cognac-xo-heritage-edition-limitee\/","og_site_name":"Domaine du Ch\u00eane","article_modified_time":"2023-05-02T16:26:12+00:00","og_image":[{"width":2560,"height":1707,"url":"https:\/\/www.ledomaineduchene.fr\/wp-content\/uploads\/2020\/11\/XO_Heritage-copie-scaled.jpg","type":"image\/jpeg"}],"twitter_card":"summary_large_image","twitter_misc":{"Est. reading time":"1 minute"},"schema":{"@context":"https:\/\/schema.org","@graph":[{"@type":"WebPage","@id":"https:\/\/www.ledomaineduchene.fr\/en\/produit\/cognac-xo-heritage-edition-limitee\/","url":"https:\/\/www.ledomaineduchene.fr\/en\/produit\/cognac-xo-heritage-edition-limitee\/","name":"Cognac XO H\u00e9ritage Edition Limit\u00e9e | Domaine du Ch\u00eane","isPartOf":{"@id":"https:\/\/www.ledomaineduchene.fr\/#website"},"primaryImageOfPage":{"@id":"https:\/\/www.ledomaineduchene.fr\/en\/produit\/cognac-xo-heritage-edition-limitee\/#primaryimage"},"image":{"@id":"https:\/\/www.ledomaineduchene.fr\/en\/produit\/cognac-xo-heritage-edition-limitee\/#primaryimage"},"thumbnailUrl":"https:\/\/www.ledomaineduchene.fr\/wp-content\/uploads\/2020\/11\/XO_Heritage-copie-scaled.jpg","datePublished":"2021-04-09T08:18:16+00:00","dateModified":"2023-05-02T16:26:12+00:00","breadcrumb":{"@id":"https:\/\/www.ledomaineduchene.fr\/en\/produit\/cognac-xo-heritage-edition-limitee\/#breadcrumb"},"inLanguage":"en-US","potentialAction":[{"@type":"ReadAction","target":["https:\/\/www.ledomaineduchene.fr\/en\/produit\/cognac-xo-heritage-edition-limitee\/"]}]},{"@type":"ImageObject","inLanguage":"en-US","@id":"https:\/\/www.ledomaineduchene.fr\/en\/produit\/cognac-xo-heritage-edition-limitee\/#primaryimage","url":"https:\/\/www.ledomaineduchene.fr\/wp-content\/uploads\/2020\/11\/XO_Heritage-copie-scaled.jpg","contentUrl":"https:\/\/www.ledomaineduchene.fr\/wp-content\/uploads\/2020\/11\/XO_Heritage-copie-scaled.jpg","width":2560,"height":1707},{"@type":"BreadcrumbList","@id":"https:\/\/www.ledomaineduchene.fr\/en\/produit\/cognac-xo-heritage-edition-limitee\/#breadcrumb","itemListElement":[{"@type":"ListItem","position":1,"name":"Accueil","item":"https:\/\/www.ledomaineduchene.fr\/en\/"},{"@type":"ListItem","position":2,"name":"Boutique","item":"https:\/\/www.ledomaineduchene.fr\/boutique\/"},{"@type":"ListItem","position":3,"name":"Cognac XO H\u00e9ritage Edition Limit\u00e9e"}]},{"@type":"WebSite","@id":"https:\/\/www.ledomaineduchene.fr\/#website","url":"https:\/\/www.ledomaineduchene.fr\/","name":"Domaine du Ch\u00eane","description":"","publisher":{"@id":"https:\/\/www.ledomaineduchene.fr\/#organization"},"potentialAction":[{"@type":"SearchAction","target":{"@type":"EntryPoint","urlTemplate":"https:\/\/www.ledomaineduchene.fr\/?s={search_term_string}"},"query-input":{"@type":"PropertyValueSpecification","valueRequired":true,"valueName":"search_term_string"}}],"inLanguage":"en-US"},{"@type":"Organization","@id":"https:\/\/www.ledomaineduchene.fr\/#organization","name":"Le Domaine du Ch\u00eane","url":"https:\/\/www.ledomaineduchene.fr\/","logo":{"@type":"ImageObject","inLanguage":"en-US","@id":"https:\/\/www.ledomaineduchene.fr\/#\/schema\/logo\/image\/","url":"https:\/\/www.ledomaineduchene.fr\/wp-content\/uploads\/2020\/11\/logo_small.png","contentUrl":"https:\/\/www.ledomaineduchene.fr\/wp-content\/uploads\/2020\/11\/logo_small.png","width":88,"height":60,"caption":"Le Domaine du Ch\u00eane"},"image":{"@id":"https:\/\/www.ledomaineduchene.fr\/#\/schema\/logo\/image\/"}}]}},"_links":{"self":[{"href":"https:\/\/www.ledomaineduchene.fr\/en\/wp-json\/wp\/v2\/product\/1747"}],"collection":[{"href":"https:\/\/www.ledomaineduchene.fr\/en\/wp-json\/wp\/v2\/product"}],"about":[{"href":"https:\/\/www.ledomaineduchene.fr\/en\/wp-json\/wp\/v2\/types\/product"}],"wp:featuredmedia":[{"embeddable":true,"href":"https:\/\/www.ledomaineduchene.fr\/en\/wp-json\/wp\/v2\/media\/1856"}],"wp:attachment":[{"href":"https:\/\/www.ledomaineduchene.fr\/en\/wp-json\/wp\/v2\/media?parent=1747"}],"wp:term":[{"taxonomy":"product_cat","embeddable":true,"href":"https:\/\/www.ledomaineduchene.fr\/en\/wp-json\/wp\/v2\/product_cat?post=1747"},{"taxonomy":"product_tag","embeddable":true,"href":"https:\/\/www.ledomaineduchene.fr\/en\/wp-json\/wp\/v2\/product_tag?post=1747"}],"curies":[{"name":"wp","href":"https:\/\/api.w.org\/{rel}","templated":true}]}}