{"id":1741,"date":"2021-04-08T17:04:30","date_gmt":"2021-04-08T15:04:30","guid":{"rendered":"https:\/\/www.ledomaineduchene.fr\/?post_type=product&#038;p=1741"},"modified":"2023-05-02T18:23:30","modified_gmt":"2023-05-02T16:23:30","slug":"cognac-xo-single-cask-n89-edition-limitee","status":"publish","type":"product","link":"https:\/\/www.ledomaineduchene.fr\/en\/produit\/cognac-xo-single-cask-n89-edition-limitee\/","title":{"rendered":"Cognac XO Single Cask N\u00b089  \u00c9dition Limit\u00e9e"},"content":{"rendered":"<p>Ce Cognac XO Single Cask montre toute la complexit\u00e9 qu\u2019un spiritueux peut avoir. Une robe profonde avec un reflet cuivr\u00e9, il offre un nez complexe et g\u00e9n\u00e9reux tout en rondeur. Lorsqu\u2019il s\u2019ouvre on peut reconna\u00eetre des caract\u00e9ristiques de certains spiritueux. La bouche puissante et fra\u00eeche en entr\u00e9e laisse petit \u00e0 petit appara\u00eetre toute la richesse de sa palette gustative m\u00ealant cuir, bois, \u00e9pices. La fin de bouche nous laisse prendre conscience de l\u2019\u00e2ge de ce XO et du temps pass\u00e9 en f\u00fbt de Ch\u00eane tout en gardant cet aspect gourmand qui nous donne l\u2019envie de revivre cette \u00e9pop\u00e9e gustative.<\/p>\n<p><strong>C\u00e9page :<\/strong> Ugni blanc<br \/>\n<strong>Vieillissement :<\/strong> F\u00fbts de Ch\u00eane du Limousin<br \/>\n<strong>Assemblage :<\/strong> Aucun<br \/>\n<strong>Aspect visuel :<\/strong> Brillant, profond et ambr\u00e9<br \/>\n<strong>Aspect olfactif :<\/strong> Puissant, \u00e9pices, complexe<br \/>\n<strong>Aspect gustatif :<\/strong> Bois\u00e9, vanille, clou de girofle<br \/>\n<strong>Teneur en alcool :<\/strong> 43%<\/p>\n","protected":false},"excerpt":{"rendered":"<p>Ce Cognac XO Single Cask montre toute la complexit\u00e9 qu\u2019un spiritueux peut avoir. Une robe profonde avec un reflet cuivr\u00e9, il offre un nez complexe et g\u00e9n\u00e9reux tout en rondeur. Lorsqu\u2019il s\u2019ouvre on peut reconna\u00eetre des caract\u00e9ristiques de certains spiritueux. La bouche puissante et fra\u00eeche en entr\u00e9e laisse petit \u00e0 petit appara\u00eetre toute la richesse [&hellip;]<\/p>\n","protected":false},"featured_media":1257,"template":"","meta":[],"product_cat":[110,112],"product_tag":[],"class_list":{"0":"post-1741","1":"product","2":"type-product","3":"status-publish","4":"has-post-thumbnail","6":"product_cat-cognac-en","7":"product_cat-produits-dexception-en","8":"shop-item","9":"isotope-item","11":"first","12":"instock","13":"shipping-taxable","14":"purchasable","15":"product-type-simple"},"yoast_head":"<!-- This site is optimized with the Yoast SEO plugin v23.4 - https:\/\/yoast.com\/wordpress\/plugins\/seo\/ -->\n<title>Cognac XO Single Cask N\u00b089 \u00c9dition Limit\u00e9e | Domaine du Ch\u00eane<\/title>\n<meta name=\"robots\" content=\"index, follow, max-snippet:-1, max-image-preview:large, max-video-preview:-1\" \/>\n<link rel=\"canonical\" href=\"https:\/\/www.ledomaineduchene.fr\/produit\/cognac-xo-single-cask-n89-edition-limitee\/\" \/>\n<meta property=\"og:locale\" content=\"en_US\" \/>\n<meta property=\"og:type\" content=\"article\" \/>\n<meta property=\"og:title\" content=\"Cognac XO Single Cask N\u00b089 \u00c9dition Limit\u00e9e | Domaine du Ch\u00eane\" \/>\n<meta property=\"og:description\" content=\"Ce Cognac XO Single Cask montre toute la complexit\u00e9 qu\u2019un spiritueux peut avoir. Une robe profonde avec un reflet cuivr\u00e9, il offre un nez complexe et g\u00e9n\u00e9reux tout en rondeur. Lorsqu\u2019il s\u2019ouvre on peut reconna\u00eetre des caract\u00e9ristiques de certains spiritueux. La bouche puissante et fra\u00eeche en entr\u00e9e laisse petit \u00e0 petit appara\u00eetre toute la richesse [&hellip;]\" \/>\n<meta property=\"og:url\" content=\"https:\/\/www.ledomaineduchene.fr\/produit\/cognac-xo-single-cask-n89-edition-limitee\/\" \/>\n<meta property=\"og:site_name\" content=\"Domaine du Ch\u00eane\" \/>\n<meta property=\"article:modified_time\" content=\"2023-05-02T16:23:30+00:00\" \/>\n<meta property=\"og:image\" content=\"https:\/\/www.ledomaineduchene.fr\/wp-content\/uploads\/2020\/11\/cognac_xo_single_cast.jpg\" \/>\n\t<meta property=\"og:image:width\" content=\"800\" \/>\n\t<meta property=\"og:image:height\" content=\"1131\" \/>\n\t<meta property=\"og:image:type\" content=\"image\/jpeg\" \/>\n<meta name=\"twitter:card\" content=\"summary_large_image\" \/>\n<meta name=\"twitter:label1\" content=\"Est. reading time\" \/>\n\t<meta name=\"twitter:data1\" content=\"1 minute\" \/>\n<script type=\"application\/ld+json\" class=\"yoast-schema-graph\">{\"@context\":\"https:\/\/schema.org\",\"@graph\":[{\"@type\":\"WebPage\",\"@id\":\"https:\/\/www.ledomaineduchene.fr\/produit\/cognac-xo-single-cask-n89-edition-limitee\/\",\"url\":\"https:\/\/www.ledomaineduchene.fr\/produit\/cognac-xo-single-cask-n89-edition-limitee\/\",\"name\":\"Cognac XO Single Cask N\u00b089 \u00c9dition Limit\u00e9e | Domaine du Ch\u00eane\",\"isPartOf\":{\"@id\":\"https:\/\/www.ledomaineduchene.fr\/#website\"},\"primaryImageOfPage\":{\"@id\":\"https:\/\/www.ledomaineduchene.fr\/produit\/cognac-xo-single-cask-n89-edition-limitee\/#primaryimage\"},\"image\":{\"@id\":\"https:\/\/www.ledomaineduchene.fr\/produit\/cognac-xo-single-cask-n89-edition-limitee\/#primaryimage\"},\"thumbnailUrl\":\"https:\/\/www.ledomaineduchene.fr\/wp-content\/uploads\/2020\/11\/cognac_xo_single_cast.jpg\",\"datePublished\":\"2021-04-08T15:04:30+00:00\",\"dateModified\":\"2023-05-02T16:23:30+00:00\",\"breadcrumb\":{\"@id\":\"https:\/\/www.ledomaineduchene.fr\/produit\/cognac-xo-single-cask-n89-edition-limitee\/#breadcrumb\"},\"inLanguage\":\"en-US\",\"potentialAction\":[{\"@type\":\"ReadAction\",\"target\":[\"https:\/\/www.ledomaineduchene.fr\/produit\/cognac-xo-single-cask-n89-edition-limitee\/\"]}]},{\"@type\":\"ImageObject\",\"inLanguage\":\"en-US\",\"@id\":\"https:\/\/www.ledomaineduchene.fr\/produit\/cognac-xo-single-cask-n89-edition-limitee\/#primaryimage\",\"url\":\"https:\/\/www.ledomaineduchene.fr\/wp-content\/uploads\/2020\/11\/cognac_xo_single_cast.jpg\",\"contentUrl\":\"https:\/\/www.ledomaineduchene.fr\/wp-content\/uploads\/2020\/11\/cognac_xo_single_cast.jpg\",\"width\":800,\"height\":1131,\"caption\":\"Cognac XO Single Cask N\u00b089 \u00c9dition Limit\u00e9e - Le Domaine du Ch\u00eane\"},{\"@type\":\"BreadcrumbList\",\"@id\":\"https:\/\/www.ledomaineduchene.fr\/produit\/cognac-xo-single-cask-n89-edition-limitee\/#breadcrumb\",\"itemListElement\":[{\"@type\":\"ListItem\",\"position\":1,\"name\":\"Accueil\",\"item\":\"https:\/\/www.ledomaineduchene.fr\/en\/\"},{\"@type\":\"ListItem\",\"position\":2,\"name\":\"Boutique\",\"item\":\"https:\/\/www.ledomaineduchene.fr\/boutique\/\"},{\"@type\":\"ListItem\",\"position\":3,\"name\":\"Cognac XO Single Cask N\u00b089 \u00c9dition Limit\u00e9e\"}]},{\"@type\":\"WebSite\",\"@id\":\"https:\/\/www.ledomaineduchene.fr\/#website\",\"url\":\"https:\/\/www.ledomaineduchene.fr\/\",\"name\":\"Domaine du Ch\u00eane\",\"description\":\"\",\"publisher\":{\"@id\":\"https:\/\/www.ledomaineduchene.fr\/#organization\"},\"potentialAction\":[{\"@type\":\"SearchAction\",\"target\":{\"@type\":\"EntryPoint\",\"urlTemplate\":\"https:\/\/www.ledomaineduchene.fr\/?s={search_term_string}\"},\"query-input\":{\"@type\":\"PropertyValueSpecification\",\"valueRequired\":true,\"valueName\":\"search_term_string\"}}],\"inLanguage\":\"en-US\"},{\"@type\":\"Organization\",\"@id\":\"https:\/\/www.ledomaineduchene.fr\/#organization\",\"name\":\"Le Domaine du Ch\u00eane\",\"url\":\"https:\/\/www.ledomaineduchene.fr\/\",\"logo\":{\"@type\":\"ImageObject\",\"inLanguage\":\"en-US\",\"@id\":\"https:\/\/www.ledomaineduchene.fr\/#\/schema\/logo\/image\/\",\"url\":\"https:\/\/www.ledomaineduchene.fr\/wp-content\/uploads\/2020\/11\/logo_small.png\",\"contentUrl\":\"https:\/\/www.ledomaineduchene.fr\/wp-content\/uploads\/2020\/11\/logo_small.png\",\"width\":88,\"height\":60,\"caption\":\"Le Domaine du Ch\u00eane\"},\"image\":{\"@id\":\"https:\/\/www.ledomaineduchene.fr\/#\/schema\/logo\/image\/\"}}]}<\/script>\n<!-- \/ Yoast SEO plugin. -->","yoast_head_json":{"title":"Cognac XO Single Cask N\u00b089 \u00c9dition Limit\u00e9e | Domaine du Ch\u00eane","robots":{"index":"index","follow":"follow","max-snippet":"max-snippet:-1","max-image-preview":"max-image-preview:large","max-video-preview":"max-video-preview:-1"},"canonical":"https:\/\/www.ledomaineduchene.fr\/produit\/cognac-xo-single-cask-n89-edition-limitee\/","og_locale":"en_US","og_type":"article","og_title":"Cognac XO Single Cask N\u00b089 \u00c9dition Limit\u00e9e | Domaine du Ch\u00eane","og_description":"Ce Cognac XO Single Cask montre toute la complexit\u00e9 qu\u2019un spiritueux peut avoir. Une robe profonde avec un reflet cuivr\u00e9, il offre un nez complexe et g\u00e9n\u00e9reux tout en rondeur. Lorsqu\u2019il s\u2019ouvre on peut reconna\u00eetre des caract\u00e9ristiques de certains spiritueux. La bouche puissante et fra\u00eeche en entr\u00e9e laisse petit \u00e0 petit appara\u00eetre toute la richesse [&hellip;]","og_url":"https:\/\/www.ledomaineduchene.fr\/produit\/cognac-xo-single-cask-n89-edition-limitee\/","og_site_name":"Domaine du Ch\u00eane","article_modified_time":"2023-05-02T16:23:30+00:00","og_image":[{"width":800,"height":1131,"url":"https:\/\/www.ledomaineduchene.fr\/wp-content\/uploads\/2020\/11\/cognac_xo_single_cast.jpg","type":"image\/jpeg"}],"twitter_card":"summary_large_image","twitter_misc":{"Est. reading time":"1 minute"},"schema":{"@context":"https:\/\/schema.org","@graph":[{"@type":"WebPage","@id":"https:\/\/www.ledomaineduchene.fr\/produit\/cognac-xo-single-cask-n89-edition-limitee\/","url":"https:\/\/www.ledomaineduchene.fr\/produit\/cognac-xo-single-cask-n89-edition-limitee\/","name":"Cognac XO Single Cask N\u00b089 \u00c9dition Limit\u00e9e | Domaine du Ch\u00eane","isPartOf":{"@id":"https:\/\/www.ledomaineduchene.fr\/#website"},"primaryImageOfPage":{"@id":"https:\/\/www.ledomaineduchene.fr\/produit\/cognac-xo-single-cask-n89-edition-limitee\/#primaryimage"},"image":{"@id":"https:\/\/www.ledomaineduchene.fr\/produit\/cognac-xo-single-cask-n89-edition-limitee\/#primaryimage"},"thumbnailUrl":"https:\/\/www.ledomaineduchene.fr\/wp-content\/uploads\/2020\/11\/cognac_xo_single_cast.jpg","datePublished":"2021-04-08T15:04:30+00:00","dateModified":"2023-05-02T16:23:30+00:00","breadcrumb":{"@id":"https:\/\/www.ledomaineduchene.fr\/produit\/cognac-xo-single-cask-n89-edition-limitee\/#breadcrumb"},"inLanguage":"en-US","potentialAction":[{"@type":"ReadAction","target":["https:\/\/www.ledomaineduchene.fr\/produit\/cognac-xo-single-cask-n89-edition-limitee\/"]}]},{"@type":"ImageObject","inLanguage":"en-US","@id":"https:\/\/www.ledomaineduchene.fr\/produit\/cognac-xo-single-cask-n89-edition-limitee\/#primaryimage","url":"https:\/\/www.ledomaineduchene.fr\/wp-content\/uploads\/2020\/11\/cognac_xo_single_cast.jpg","contentUrl":"https:\/\/www.ledomaineduchene.fr\/wp-content\/uploads\/2020\/11\/cognac_xo_single_cast.jpg","width":800,"height":1131,"caption":"Cognac XO Single Cask N\u00b089 \u00c9dition Limit\u00e9e - Le Domaine du Ch\u00eane"},{"@type":"BreadcrumbList","@id":"https:\/\/www.ledomaineduchene.fr\/produit\/cognac-xo-single-cask-n89-edition-limitee\/#breadcrumb","itemListElement":[{"@type":"ListItem","position":1,"name":"Accueil","item":"https:\/\/www.ledomaineduchene.fr\/en\/"},{"@type":"ListItem","position":2,"name":"Boutique","item":"https:\/\/www.ledomaineduchene.fr\/boutique\/"},{"@type":"ListItem","position":3,"name":"Cognac XO Single Cask N\u00b089 \u00c9dition Limit\u00e9e"}]},{"@type":"WebSite","@id":"https:\/\/www.ledomaineduchene.fr\/#website","url":"https:\/\/www.ledomaineduchene.fr\/","name":"Domaine du Ch\u00eane","description":"","publisher":{"@id":"https:\/\/www.ledomaineduchene.fr\/#organization"},"potentialAction":[{"@type":"SearchAction","target":{"@type":"EntryPoint","urlTemplate":"https:\/\/www.ledomaineduchene.fr\/?s={search_term_string}"},"query-input":{"@type":"PropertyValueSpecification","valueRequired":true,"valueName":"search_term_string"}}],"inLanguage":"en-US"},{"@type":"Organization","@id":"https:\/\/www.ledomaineduchene.fr\/#organization","name":"Le Domaine du Ch\u00eane","url":"https:\/\/www.ledomaineduchene.fr\/","logo":{"@type":"ImageObject","inLanguage":"en-US","@id":"https:\/\/www.ledomaineduchene.fr\/#\/schema\/logo\/image\/","url":"https:\/\/www.ledomaineduchene.fr\/wp-content\/uploads\/2020\/11\/logo_small.png","contentUrl":"https:\/\/www.ledomaineduchene.fr\/wp-content\/uploads\/2020\/11\/logo_small.png","width":88,"height":60,"caption":"Le Domaine du Ch\u00eane"},"image":{"@id":"https:\/\/www.ledomaineduchene.fr\/#\/schema\/logo\/image\/"}}]}},"_links":{"self":[{"href":"https:\/\/www.ledomaineduchene.fr\/en\/wp-json\/wp\/v2\/product\/1741"}],"collection":[{"href":"https:\/\/www.ledomaineduchene.fr\/en\/wp-json\/wp\/v2\/product"}],"about":[{"href":"https:\/\/www.ledomaineduchene.fr\/en\/wp-json\/wp\/v2\/types\/product"}],"wp:featuredmedia":[{"embeddable":true,"href":"https:\/\/www.ledomaineduchene.fr\/en\/wp-json\/wp\/v2\/media\/1257"}],"wp:attachment":[{"href":"https:\/\/www.ledomaineduchene.fr\/en\/wp-json\/wp\/v2\/media?parent=1741"}],"wp:term":[{"taxonomy":"product_cat","embeddable":true,"href":"https:\/\/www.ledomaineduchene.fr\/en\/wp-json\/wp\/v2\/product_cat?post=1741"},{"taxonomy":"product_tag","embeddable":true,"href":"https:\/\/www.ledomaineduchene.fr\/en\/wp-json\/wp\/v2\/product_tag?post=1741"}],"curies":[{"name":"wp","href":"https:\/\/api.w.org\/{rel}","templated":true}]}}