{"id":1739,"date":"2021-04-08T16:46:19","date_gmt":"2021-04-08T14:46:19","guid":{"rendered":"https:\/\/www.ledomaineduchene.fr\/?post_type=product&#038;p=1739"},"modified":"2023-05-02T18:22:44","modified_gmt":"2023-05-02T16:22:44","slug":"cognac-folle-blanche","status":"publish","type":"product","link":"https:\/\/www.ledomaineduchene.fr\/en\/produit\/cognac-folle-blanche\/","title":{"rendered":"Cognac Folle Blanche"},"content":{"rendered":"<p>Or jaune vif aux reflets dor\u00e9s, pas si blanche que \u00e7a la Folle ! Un nez discret au premier abord mais l\u2019a\u00e9ration le r\u00e9v\u00e8le, ar\u00f4mes floraux, de fruits jaunes ponctu\u00e9s de vanille, une folie douce et croquante. Et la bouche pleine de jeunesse allie fra\u00eecheur et gourmandise au parfum d\u2019abricot, de jasmin soulign\u00e9 d\u2019un bois\u00e9 l\u00e9ger qui mettent en valeur la puret\u00e9 et l\u2019\u00e9l\u00e9gance de ce cognac.<\/p>\n<p><strong>Accord mets et vins :<\/strong><\/p>\n<ul>\n<li>Tartare de langoustines, vinaigrette au pamplemousse rose<\/li>\n<\/ul>\n<p><strong>C\u00e9page :<\/strong> Folle blanche<br \/>\n<strong>Vieillissement :<\/strong> F\u00fbts de ch\u00eane<br \/>\n<strong>Aspect visuel :<\/strong> Or jaune<br \/>\n<strong>Aspect olfactif :<\/strong> Floral et fruits jaune<br \/>\n<strong>Aspect gustatif :<\/strong> Floral, frais<br \/>\n<strong>Teneur en alcool :<\/strong> 40%<\/p>\n","protected":false},"excerpt":{"rendered":"<p>Or jaune vif aux reflets dor\u00e9s, pas si blanche que \u00e7a la Folle ! Un nez discret au premier abord mais l\u2019a\u00e9ration le r\u00e9v\u00e8le, ar\u00f4mes floraux, de fruits jaunes ponctu\u00e9s de vanille, une folie douce et croquante. Et la bouche pleine de jeunesse allie fra\u00eecheur et gourmandise au parfum d\u2019abricot, de jasmin soulign\u00e9 d\u2019un bois\u00e9 [&hellip;]<\/p>\n","protected":false},"featured_media":1250,"template":"","meta":[],"product_cat":[110],"product_tag":[],"class_list":{"0":"post-1739","1":"product","2":"type-product","3":"status-publish","4":"has-post-thumbnail","6":"product_cat-cognac-en","7":"shop-item","8":"isotope-item","10":"first","11":"instock","12":"shipping-taxable","13":"purchasable","14":"product-type-simple"},"yoast_head":"<!-- This site is optimized with the Yoast SEO plugin v23.4 - https:\/\/yoast.com\/wordpress\/plugins\/seo\/ -->\n<title>Cognac Folle Blanche | Domaine du Ch\u00eane<\/title>\n<meta name=\"robots\" content=\"index, follow, max-snippet:-1, max-image-preview:large, max-video-preview:-1\" \/>\n<link rel=\"canonical\" href=\"https:\/\/www.ledomaineduchene.fr\/produit\/cognac-folle-blanche\/\" \/>\n<meta property=\"og:locale\" content=\"en_US\" \/>\n<meta property=\"og:type\" content=\"article\" \/>\n<meta property=\"og:title\" content=\"Cognac Folle Blanche | Domaine du Ch\u00eane\" \/>\n<meta property=\"og:description\" content=\"Or jaune vif aux reflets dor\u00e9s, pas si blanche que \u00e7a la Folle ! Un nez discret au premier abord mais l\u2019a\u00e9ration le r\u00e9v\u00e8le, ar\u00f4mes floraux, de fruits jaunes ponctu\u00e9s de vanille, une folie douce et croquante. Et la bouche pleine de jeunesse allie fra\u00eecheur et gourmandise au parfum d\u2019abricot, de jasmin soulign\u00e9 d\u2019un bois\u00e9 [&hellip;]\" \/>\n<meta property=\"og:url\" content=\"https:\/\/www.ledomaineduchene.fr\/produit\/cognac-folle-blanche\/\" \/>\n<meta property=\"og:site_name\" content=\"Domaine du Ch\u00eane\" \/>\n<meta property=\"article:modified_time\" content=\"2023-05-02T16:22:44+00:00\" \/>\n<meta property=\"og:image\" content=\"https:\/\/www.ledomaineduchene.fr\/wp-content\/uploads\/2020\/11\/cognac_folle_blanche.jpg\" \/>\n\t<meta property=\"og:image:width\" content=\"600\" \/>\n\t<meta property=\"og:image:height\" content=\"848\" \/>\n\t<meta property=\"og:image:type\" content=\"image\/jpeg\" \/>\n<meta name=\"twitter:card\" content=\"summary_large_image\" \/>\n<meta name=\"twitter:label1\" content=\"Est. reading time\" \/>\n\t<meta name=\"twitter:data1\" content=\"1 minute\" \/>\n<script type=\"application\/ld+json\" class=\"yoast-schema-graph\">{\"@context\":\"https:\/\/schema.org\",\"@graph\":[{\"@type\":\"WebPage\",\"@id\":\"https:\/\/www.ledomaineduchene.fr\/produit\/cognac-folle-blanche\/\",\"url\":\"https:\/\/www.ledomaineduchene.fr\/produit\/cognac-folle-blanche\/\",\"name\":\"Cognac Folle Blanche | Domaine du Ch\u00eane\",\"isPartOf\":{\"@id\":\"https:\/\/www.ledomaineduchene.fr\/#website\"},\"primaryImageOfPage\":{\"@id\":\"https:\/\/www.ledomaineduchene.fr\/produit\/cognac-folle-blanche\/#primaryimage\"},\"image\":{\"@id\":\"https:\/\/www.ledomaineduchene.fr\/produit\/cognac-folle-blanche\/#primaryimage\"},\"thumbnailUrl\":\"https:\/\/www.ledomaineduchene.fr\/wp-content\/uploads\/2020\/11\/cognac_folle_blanche.jpg\",\"datePublished\":\"2021-04-08T14:46:19+00:00\",\"dateModified\":\"2023-05-02T16:22:44+00:00\",\"breadcrumb\":{\"@id\":\"https:\/\/www.ledomaineduchene.fr\/produit\/cognac-folle-blanche\/#breadcrumb\"},\"inLanguage\":\"en-US\",\"potentialAction\":[{\"@type\":\"ReadAction\",\"target\":[\"https:\/\/www.ledomaineduchene.fr\/produit\/cognac-folle-blanche\/\"]}]},{\"@type\":\"ImageObject\",\"inLanguage\":\"en-US\",\"@id\":\"https:\/\/www.ledomaineduchene.fr\/produit\/cognac-folle-blanche\/#primaryimage\",\"url\":\"https:\/\/www.ledomaineduchene.fr\/wp-content\/uploads\/2020\/11\/cognac_folle_blanche.jpg\",\"contentUrl\":\"https:\/\/www.ledomaineduchene.fr\/wp-content\/uploads\/2020\/11\/cognac_folle_blanche.jpg\",\"width\":600,\"height\":848,\"caption\":\"Cognac Folle Blanche - Le Domaine du Ch\u00eane\"},{\"@type\":\"BreadcrumbList\",\"@id\":\"https:\/\/www.ledomaineduchene.fr\/produit\/cognac-folle-blanche\/#breadcrumb\",\"itemListElement\":[{\"@type\":\"ListItem\",\"position\":1,\"name\":\"Accueil\",\"item\":\"https:\/\/www.ledomaineduchene.fr\/en\/\"},{\"@type\":\"ListItem\",\"position\":2,\"name\":\"Boutique\",\"item\":\"https:\/\/www.ledomaineduchene.fr\/boutique\/\"},{\"@type\":\"ListItem\",\"position\":3,\"name\":\"Cognac Folle Blanche\"}]},{\"@type\":\"WebSite\",\"@id\":\"https:\/\/www.ledomaineduchene.fr\/#website\",\"url\":\"https:\/\/www.ledomaineduchene.fr\/\",\"name\":\"Domaine du Ch\u00eane\",\"description\":\"\",\"publisher\":{\"@id\":\"https:\/\/www.ledomaineduchene.fr\/#organization\"},\"potentialAction\":[{\"@type\":\"SearchAction\",\"target\":{\"@type\":\"EntryPoint\",\"urlTemplate\":\"https:\/\/www.ledomaineduchene.fr\/?s={search_term_string}\"},\"query-input\":{\"@type\":\"PropertyValueSpecification\",\"valueRequired\":true,\"valueName\":\"search_term_string\"}}],\"inLanguage\":\"en-US\"},{\"@type\":\"Organization\",\"@id\":\"https:\/\/www.ledomaineduchene.fr\/#organization\",\"name\":\"Le Domaine du Ch\u00eane\",\"url\":\"https:\/\/www.ledomaineduchene.fr\/\",\"logo\":{\"@type\":\"ImageObject\",\"inLanguage\":\"en-US\",\"@id\":\"https:\/\/www.ledomaineduchene.fr\/#\/schema\/logo\/image\/\",\"url\":\"https:\/\/www.ledomaineduchene.fr\/wp-content\/uploads\/2020\/11\/logo_small.png\",\"contentUrl\":\"https:\/\/www.ledomaineduchene.fr\/wp-content\/uploads\/2020\/11\/logo_small.png\",\"width\":88,\"height\":60,\"caption\":\"Le Domaine du Ch\u00eane\"},\"image\":{\"@id\":\"https:\/\/www.ledomaineduchene.fr\/#\/schema\/logo\/image\/\"}}]}<\/script>\n<!-- \/ Yoast SEO plugin. -->","yoast_head_json":{"title":"Cognac Folle Blanche | Domaine du Ch\u00eane","robots":{"index":"index","follow":"follow","max-snippet":"max-snippet:-1","max-image-preview":"max-image-preview:large","max-video-preview":"max-video-preview:-1"},"canonical":"https:\/\/www.ledomaineduchene.fr\/produit\/cognac-folle-blanche\/","og_locale":"en_US","og_type":"article","og_title":"Cognac Folle Blanche | Domaine du Ch\u00eane","og_description":"Or jaune vif aux reflets dor\u00e9s, pas si blanche que \u00e7a la Folle ! Un nez discret au premier abord mais l\u2019a\u00e9ration le r\u00e9v\u00e8le, ar\u00f4mes floraux, de fruits jaunes ponctu\u00e9s de vanille, une folie douce et croquante. Et la bouche pleine de jeunesse allie fra\u00eecheur et gourmandise au parfum d\u2019abricot, de jasmin soulign\u00e9 d\u2019un bois\u00e9 [&hellip;]","og_url":"https:\/\/www.ledomaineduchene.fr\/produit\/cognac-folle-blanche\/","og_site_name":"Domaine du Ch\u00eane","article_modified_time":"2023-05-02T16:22:44+00:00","og_image":[{"width":600,"height":848,"url":"https:\/\/www.ledomaineduchene.fr\/wp-content\/uploads\/2020\/11\/cognac_folle_blanche.jpg","type":"image\/jpeg"}],"twitter_card":"summary_large_image","twitter_misc":{"Est. reading time":"1 minute"},"schema":{"@context":"https:\/\/schema.org","@graph":[{"@type":"WebPage","@id":"https:\/\/www.ledomaineduchene.fr\/produit\/cognac-folle-blanche\/","url":"https:\/\/www.ledomaineduchene.fr\/produit\/cognac-folle-blanche\/","name":"Cognac Folle Blanche | Domaine du Ch\u00eane","isPartOf":{"@id":"https:\/\/www.ledomaineduchene.fr\/#website"},"primaryImageOfPage":{"@id":"https:\/\/www.ledomaineduchene.fr\/produit\/cognac-folle-blanche\/#primaryimage"},"image":{"@id":"https:\/\/www.ledomaineduchene.fr\/produit\/cognac-folle-blanche\/#primaryimage"},"thumbnailUrl":"https:\/\/www.ledomaineduchene.fr\/wp-content\/uploads\/2020\/11\/cognac_folle_blanche.jpg","datePublished":"2021-04-08T14:46:19+00:00","dateModified":"2023-05-02T16:22:44+00:00","breadcrumb":{"@id":"https:\/\/www.ledomaineduchene.fr\/produit\/cognac-folle-blanche\/#breadcrumb"},"inLanguage":"en-US","potentialAction":[{"@type":"ReadAction","target":["https:\/\/www.ledomaineduchene.fr\/produit\/cognac-folle-blanche\/"]}]},{"@type":"ImageObject","inLanguage":"en-US","@id":"https:\/\/www.ledomaineduchene.fr\/produit\/cognac-folle-blanche\/#primaryimage","url":"https:\/\/www.ledomaineduchene.fr\/wp-content\/uploads\/2020\/11\/cognac_folle_blanche.jpg","contentUrl":"https:\/\/www.ledomaineduchene.fr\/wp-content\/uploads\/2020\/11\/cognac_folle_blanche.jpg","width":600,"height":848,"caption":"Cognac Folle Blanche - Le Domaine du Ch\u00eane"},{"@type":"BreadcrumbList","@id":"https:\/\/www.ledomaineduchene.fr\/produit\/cognac-folle-blanche\/#breadcrumb","itemListElement":[{"@type":"ListItem","position":1,"name":"Accueil","item":"https:\/\/www.ledomaineduchene.fr\/en\/"},{"@type":"ListItem","position":2,"name":"Boutique","item":"https:\/\/www.ledomaineduchene.fr\/boutique\/"},{"@type":"ListItem","position":3,"name":"Cognac Folle Blanche"}]},{"@type":"WebSite","@id":"https:\/\/www.ledomaineduchene.fr\/#website","url":"https:\/\/www.ledomaineduchene.fr\/","name":"Domaine du Ch\u00eane","description":"","publisher":{"@id":"https:\/\/www.ledomaineduchene.fr\/#organization"},"potentialAction":[{"@type":"SearchAction","target":{"@type":"EntryPoint","urlTemplate":"https:\/\/www.ledomaineduchene.fr\/?s={search_term_string}"},"query-input":{"@type":"PropertyValueSpecification","valueRequired":true,"valueName":"search_term_string"}}],"inLanguage":"en-US"},{"@type":"Organization","@id":"https:\/\/www.ledomaineduchene.fr\/#organization","name":"Le Domaine du Ch\u00eane","url":"https:\/\/www.ledomaineduchene.fr\/","logo":{"@type":"ImageObject","inLanguage":"en-US","@id":"https:\/\/www.ledomaineduchene.fr\/#\/schema\/logo\/image\/","url":"https:\/\/www.ledomaineduchene.fr\/wp-content\/uploads\/2020\/11\/logo_small.png","contentUrl":"https:\/\/www.ledomaineduchene.fr\/wp-content\/uploads\/2020\/11\/logo_small.png","width":88,"height":60,"caption":"Le Domaine du Ch\u00eane"},"image":{"@id":"https:\/\/www.ledomaineduchene.fr\/#\/schema\/logo\/image\/"}}]}},"_links":{"self":[{"href":"https:\/\/www.ledomaineduchene.fr\/en\/wp-json\/wp\/v2\/product\/1739"}],"collection":[{"href":"https:\/\/www.ledomaineduchene.fr\/en\/wp-json\/wp\/v2\/product"}],"about":[{"href":"https:\/\/www.ledomaineduchene.fr\/en\/wp-json\/wp\/v2\/types\/product"}],"wp:featuredmedia":[{"embeddable":true,"href":"https:\/\/www.ledomaineduchene.fr\/en\/wp-json\/wp\/v2\/media\/1250"}],"wp:attachment":[{"href":"https:\/\/www.ledomaineduchene.fr\/en\/wp-json\/wp\/v2\/media?parent=1739"}],"wp:term":[{"taxonomy":"product_cat","embeddable":true,"href":"https:\/\/www.ledomaineduchene.fr\/en\/wp-json\/wp\/v2\/product_cat?post=1739"},{"taxonomy":"product_tag","embeddable":true,"href":"https:\/\/www.ledomaineduchene.fr\/en\/wp-json\/wp\/v2\/product_tag?post=1739"}],"curies":[{"name":"wp","href":"https:\/\/api.w.org\/{rel}","templated":true}]}}