{"id":1737,"date":"2021-04-08T16:41:04","date_gmt":"2021-04-08T14:41:04","guid":{"rendered":"https:\/\/www.ledomaineduchene.fr\/?post_type=product&#038;p=1737"},"modified":"2024-11-04T16:16:15","modified_gmt":"2024-11-04T15:16:15","slug":"pineau-des-charentes-mono-cepage-blanc-colombard","status":"publish","type":"product","link":"https:\/\/www.ledomaineduchene.fr\/en\/produit\/pineau-des-charentes-mono-cepage-blanc-colombard\/","title":{"rendered":"Pineau des Charentes Mono C\u00e9page Colombard"},"content":{"rendered":"<p>Ce pineau blanc d\u00e9voile une robe or p\u00e2le aux reflets dor\u00e9s. Le nez est ouvert, fruit\u00e9 et frais. Il s\u2019ouvre sur des notes de fruits \u00e0 chair jaune comme la prune lentement compot\u00e9e associ\u00e9e \u00e0 des touches florales et vari\u00e9tales qui refl\u00e8tent parfaitement la typicit\u00e9 du c\u00e9page. La bouche est droite, pr\u00e9cise et fruit\u00e9e. Elle s\u2019ouvre sur des notes de reine-claude confitur\u00e9e compl\u00e9t\u00e9es de touches de fleur d\u2019acacia et de pointes v\u00e9g\u00e9tales nobles. La structure allie un aspect fruit\u00e9 et frais qui se prolonge vers une finale vari\u00e9tale cristalline assortie d\u2019une l\u00e9g\u00e8re amertume.<\/p>\n<p><strong>Accord Mets et vins :<\/strong><\/p>\n<ul>\n<li>Comt\u00e9 affin\u00e9 36 mois, compot\u00e9e de mirabelles<\/li>\n<\/ul>\n<p><strong>C\u00e9page :<\/strong> Colombard<br \/>\n<strong>Parcelle :<\/strong> Sol argilo-calcaire<br \/>\n<strong>Aspect visuel\u00a0:<\/strong> L\u00e9g\u00e8rement dor\u00e9<br \/>\n<strong>Aspect olfactif :<\/strong> Vif avec des notes de fruits jaunes<br \/>\n<strong>Aspect gustatif :<\/strong> Notes de coing, min\u00e9ral avec une belle acidit\u00e9. Tendu et frais.<br \/>\n<strong>Teneur en alcool :<\/strong> 17 %vol<br \/>\n<strong>Vieillissement :<\/strong> F\u00fbts de Ch\u00eane<\/p>\n","protected":false},"excerpt":{"rendered":"<p>Ce pineau blanc d\u00e9voile une robe or p\u00e2le aux reflets dor\u00e9s. Le nez est ouvert, fruit\u00e9 et frais. Il s\u2019ouvre sur des notes de fruits \u00e0 chair jaune comme la prune lentement compot\u00e9e associ\u00e9e \u00e0 des touches florales et vari\u00e9tales qui refl\u00e8tent parfaitement la typicit\u00e9 du c\u00e9page. La bouche est droite, pr\u00e9cise et fruit\u00e9e. Elle [&hellip;]<\/p>\n","protected":false},"featured_media":1236,"template":"","meta":[],"product_cat":[111,112],"product_tag":[],"class_list":{"0":"post-1737","1":"product","2":"type-product","3":"status-publish","4":"has-post-thumbnail","6":"product_cat-pineau-en","7":"product_cat-produits-dexception-en","8":"shop-item","9":"isotope-item","11":"first","12":"instock","13":"shipping-taxable","14":"purchasable","15":"product-type-simple"},"yoast_head":"<!-- This site is optimized with the Yoast SEO plugin v23.4 - https:\/\/yoast.com\/wordpress\/plugins\/seo\/ -->\n<title>Pineau des Charentes Mono C\u00e9page Colombard | Domaine du Ch\u00eane<\/title>\n<meta name=\"robots\" content=\"index, follow, max-snippet:-1, max-image-preview:large, max-video-preview:-1\" \/>\n<link rel=\"canonical\" href=\"https:\/\/www.ledomaineduchene.fr\/en\/produit\/pineau-des-charentes-mono-cepage-blanc-colombard\/\" \/>\n<meta property=\"og:locale\" content=\"en_US\" \/>\n<meta property=\"og:type\" content=\"article\" \/>\n<meta property=\"og:title\" content=\"Pineau des Charentes Mono C\u00e9page Colombard | Domaine du Ch\u00eane\" \/>\n<meta property=\"og:description\" content=\"Ce pineau blanc d\u00e9voile une robe or p\u00e2le aux reflets dor\u00e9s. Le nez est ouvert, fruit\u00e9 et frais. Il s\u2019ouvre sur des notes de fruits \u00e0 chair jaune comme la prune lentement compot\u00e9e associ\u00e9e \u00e0 des touches florales et vari\u00e9tales qui refl\u00e8tent parfaitement la typicit\u00e9 du c\u00e9page. La bouche est droite, pr\u00e9cise et fruit\u00e9e. Elle [&hellip;]\" \/>\n<meta property=\"og:url\" content=\"https:\/\/www.ledomaineduchene.fr\/en\/produit\/pineau-des-charentes-mono-cepage-blanc-colombard\/\" \/>\n<meta property=\"og:site_name\" content=\"Domaine du Ch\u00eane\" \/>\n<meta property=\"article:modified_time\" content=\"2024-11-04T15:16:15+00:00\" \/>\n<meta property=\"og:image\" content=\"https:\/\/www.ledomaineduchene.fr\/wp-content\/uploads\/2020\/11\/colombard.jpg\" \/>\n\t<meta property=\"og:image:width\" content=\"800\" \/>\n\t<meta property=\"og:image:height\" content=\"800\" \/>\n\t<meta property=\"og:image:type\" content=\"image\/jpeg\" \/>\n<meta name=\"twitter:card\" content=\"summary_large_image\" \/>\n<meta name=\"twitter:label1\" content=\"Est. reading time\" \/>\n\t<meta name=\"twitter:data1\" content=\"1 minute\" \/>\n<script type=\"application\/ld+json\" class=\"yoast-schema-graph\">{\"@context\":\"https:\/\/schema.org\",\"@graph\":[{\"@type\":\"WebPage\",\"@id\":\"https:\/\/www.ledomaineduchene.fr\/en\/produit\/pineau-des-charentes-mono-cepage-blanc-colombard\/\",\"url\":\"https:\/\/www.ledomaineduchene.fr\/en\/produit\/pineau-des-charentes-mono-cepage-blanc-colombard\/\",\"name\":\"Pineau des Charentes Mono C\u00e9page Colombard | Domaine du Ch\u00eane\",\"isPartOf\":{\"@id\":\"https:\/\/www.ledomaineduchene.fr\/#website\"},\"primaryImageOfPage\":{\"@id\":\"https:\/\/www.ledomaineduchene.fr\/en\/produit\/pineau-des-charentes-mono-cepage-blanc-colombard\/#primaryimage\"},\"image\":{\"@id\":\"https:\/\/www.ledomaineduchene.fr\/en\/produit\/pineau-des-charentes-mono-cepage-blanc-colombard\/#primaryimage\"},\"thumbnailUrl\":\"https:\/\/www.ledomaineduchene.fr\/wp-content\/uploads\/2020\/11\/colombard.jpg\",\"datePublished\":\"2021-04-08T14:41:04+00:00\",\"dateModified\":\"2024-11-04T15:16:15+00:00\",\"breadcrumb\":{\"@id\":\"https:\/\/www.ledomaineduchene.fr\/en\/produit\/pineau-des-charentes-mono-cepage-blanc-colombard\/#breadcrumb\"},\"inLanguage\":\"en-US\",\"potentialAction\":[{\"@type\":\"ReadAction\",\"target\":[\"https:\/\/www.ledomaineduchene.fr\/en\/produit\/pineau-des-charentes-mono-cepage-blanc-colombard\/\"]}]},{\"@type\":\"ImageObject\",\"inLanguage\":\"en-US\",\"@id\":\"https:\/\/www.ledomaineduchene.fr\/en\/produit\/pineau-des-charentes-mono-cepage-blanc-colombard\/#primaryimage\",\"url\":\"https:\/\/www.ledomaineduchene.fr\/wp-content\/uploads\/2020\/11\/colombard.jpg\",\"contentUrl\":\"https:\/\/www.ledomaineduchene.fr\/wp-content\/uploads\/2020\/11\/colombard.jpg\",\"width\":800,\"height\":800,\"caption\":\"Pineau des Charentes Mono C\u00e9page Blanc Colombard\"},{\"@type\":\"BreadcrumbList\",\"@id\":\"https:\/\/www.ledomaineduchene.fr\/en\/produit\/pineau-des-charentes-mono-cepage-blanc-colombard\/#breadcrumb\",\"itemListElement\":[{\"@type\":\"ListItem\",\"position\":1,\"name\":\"Accueil\",\"item\":\"https:\/\/www.ledomaineduchene.fr\/en\/\"},{\"@type\":\"ListItem\",\"position\":2,\"name\":\"Boutique\",\"item\":\"https:\/\/www.ledomaineduchene.fr\/boutique\/\"},{\"@type\":\"ListItem\",\"position\":3,\"name\":\"Pineau des Charentes Mono C\u00e9page Colombard\"}]},{\"@type\":\"WebSite\",\"@id\":\"https:\/\/www.ledomaineduchene.fr\/#website\",\"url\":\"https:\/\/www.ledomaineduchene.fr\/\",\"name\":\"Domaine du Ch\u00eane\",\"description\":\"\",\"publisher\":{\"@id\":\"https:\/\/www.ledomaineduchene.fr\/#organization\"},\"potentialAction\":[{\"@type\":\"SearchAction\",\"target\":{\"@type\":\"EntryPoint\",\"urlTemplate\":\"https:\/\/www.ledomaineduchene.fr\/?s={search_term_string}\"},\"query-input\":{\"@type\":\"PropertyValueSpecification\",\"valueRequired\":true,\"valueName\":\"search_term_string\"}}],\"inLanguage\":\"en-US\"},{\"@type\":\"Organization\",\"@id\":\"https:\/\/www.ledomaineduchene.fr\/#organization\",\"name\":\"Le Domaine du Ch\u00eane\",\"url\":\"https:\/\/www.ledomaineduchene.fr\/\",\"logo\":{\"@type\":\"ImageObject\",\"inLanguage\":\"en-US\",\"@id\":\"https:\/\/www.ledomaineduchene.fr\/#\/schema\/logo\/image\/\",\"url\":\"https:\/\/www.ledomaineduchene.fr\/wp-content\/uploads\/2020\/11\/logo_small.png\",\"contentUrl\":\"https:\/\/www.ledomaineduchene.fr\/wp-content\/uploads\/2020\/11\/logo_small.png\",\"width\":88,\"height\":60,\"caption\":\"Le Domaine du Ch\u00eane\"},\"image\":{\"@id\":\"https:\/\/www.ledomaineduchene.fr\/#\/schema\/logo\/image\/\"}}]}<\/script>\n<!-- \/ Yoast SEO plugin. -->","yoast_head_json":{"title":"Pineau des Charentes Mono C\u00e9page Colombard | Domaine du Ch\u00eane","robots":{"index":"index","follow":"follow","max-snippet":"max-snippet:-1","max-image-preview":"max-image-preview:large","max-video-preview":"max-video-preview:-1"},"canonical":"https:\/\/www.ledomaineduchene.fr\/en\/produit\/pineau-des-charentes-mono-cepage-blanc-colombard\/","og_locale":"en_US","og_type":"article","og_title":"Pineau des Charentes Mono C\u00e9page Colombard | Domaine du Ch\u00eane","og_description":"Ce pineau blanc d\u00e9voile une robe or p\u00e2le aux reflets dor\u00e9s. Le nez est ouvert, fruit\u00e9 et frais. Il s\u2019ouvre sur des notes de fruits \u00e0 chair jaune comme la prune lentement compot\u00e9e associ\u00e9e \u00e0 des touches florales et vari\u00e9tales qui refl\u00e8tent parfaitement la typicit\u00e9 du c\u00e9page. La bouche est droite, pr\u00e9cise et fruit\u00e9e. Elle [&hellip;]","og_url":"https:\/\/www.ledomaineduchene.fr\/en\/produit\/pineau-des-charentes-mono-cepage-blanc-colombard\/","og_site_name":"Domaine du Ch\u00eane","article_modified_time":"2024-11-04T15:16:15+00:00","og_image":[{"width":800,"height":800,"url":"https:\/\/www.ledomaineduchene.fr\/wp-content\/uploads\/2020\/11\/colombard.jpg","type":"image\/jpeg"}],"twitter_card":"summary_large_image","twitter_misc":{"Est. reading time":"1 minute"},"schema":{"@context":"https:\/\/schema.org","@graph":[{"@type":"WebPage","@id":"https:\/\/www.ledomaineduchene.fr\/en\/produit\/pineau-des-charentes-mono-cepage-blanc-colombard\/","url":"https:\/\/www.ledomaineduchene.fr\/en\/produit\/pineau-des-charentes-mono-cepage-blanc-colombard\/","name":"Pineau des Charentes Mono C\u00e9page Colombard | Domaine du Ch\u00eane","isPartOf":{"@id":"https:\/\/www.ledomaineduchene.fr\/#website"},"primaryImageOfPage":{"@id":"https:\/\/www.ledomaineduchene.fr\/en\/produit\/pineau-des-charentes-mono-cepage-blanc-colombard\/#primaryimage"},"image":{"@id":"https:\/\/www.ledomaineduchene.fr\/en\/produit\/pineau-des-charentes-mono-cepage-blanc-colombard\/#primaryimage"},"thumbnailUrl":"https:\/\/www.ledomaineduchene.fr\/wp-content\/uploads\/2020\/11\/colombard.jpg","datePublished":"2021-04-08T14:41:04+00:00","dateModified":"2024-11-04T15:16:15+00:00","breadcrumb":{"@id":"https:\/\/www.ledomaineduchene.fr\/en\/produit\/pineau-des-charentes-mono-cepage-blanc-colombard\/#breadcrumb"},"inLanguage":"en-US","potentialAction":[{"@type":"ReadAction","target":["https:\/\/www.ledomaineduchene.fr\/en\/produit\/pineau-des-charentes-mono-cepage-blanc-colombard\/"]}]},{"@type":"ImageObject","inLanguage":"en-US","@id":"https:\/\/www.ledomaineduchene.fr\/en\/produit\/pineau-des-charentes-mono-cepage-blanc-colombard\/#primaryimage","url":"https:\/\/www.ledomaineduchene.fr\/wp-content\/uploads\/2020\/11\/colombard.jpg","contentUrl":"https:\/\/www.ledomaineduchene.fr\/wp-content\/uploads\/2020\/11\/colombard.jpg","width":800,"height":800,"caption":"Pineau des Charentes Mono C\u00e9page Blanc Colombard"},{"@type":"BreadcrumbList","@id":"https:\/\/www.ledomaineduchene.fr\/en\/produit\/pineau-des-charentes-mono-cepage-blanc-colombard\/#breadcrumb","itemListElement":[{"@type":"ListItem","position":1,"name":"Accueil","item":"https:\/\/www.ledomaineduchene.fr\/en\/"},{"@type":"ListItem","position":2,"name":"Boutique","item":"https:\/\/www.ledomaineduchene.fr\/boutique\/"},{"@type":"ListItem","position":3,"name":"Pineau des Charentes Mono C\u00e9page Colombard"}]},{"@type":"WebSite","@id":"https:\/\/www.ledomaineduchene.fr\/#website","url":"https:\/\/www.ledomaineduchene.fr\/","name":"Domaine du Ch\u00eane","description":"","publisher":{"@id":"https:\/\/www.ledomaineduchene.fr\/#organization"},"potentialAction":[{"@type":"SearchAction","target":{"@type":"EntryPoint","urlTemplate":"https:\/\/www.ledomaineduchene.fr\/?s={search_term_string}"},"query-input":{"@type":"PropertyValueSpecification","valueRequired":true,"valueName":"search_term_string"}}],"inLanguage":"en-US"},{"@type":"Organization","@id":"https:\/\/www.ledomaineduchene.fr\/#organization","name":"Le Domaine du Ch\u00eane","url":"https:\/\/www.ledomaineduchene.fr\/","logo":{"@type":"ImageObject","inLanguage":"en-US","@id":"https:\/\/www.ledomaineduchene.fr\/#\/schema\/logo\/image\/","url":"https:\/\/www.ledomaineduchene.fr\/wp-content\/uploads\/2020\/11\/logo_small.png","contentUrl":"https:\/\/www.ledomaineduchene.fr\/wp-content\/uploads\/2020\/11\/logo_small.png","width":88,"height":60,"caption":"Le Domaine du Ch\u00eane"},"image":{"@id":"https:\/\/www.ledomaineduchene.fr\/#\/schema\/logo\/image\/"}}]}},"_links":{"self":[{"href":"https:\/\/www.ledomaineduchene.fr\/en\/wp-json\/wp\/v2\/product\/1737"}],"collection":[{"href":"https:\/\/www.ledomaineduchene.fr\/en\/wp-json\/wp\/v2\/product"}],"about":[{"href":"https:\/\/www.ledomaineduchene.fr\/en\/wp-json\/wp\/v2\/types\/product"}],"wp:featuredmedia":[{"embeddable":true,"href":"https:\/\/www.ledomaineduchene.fr\/en\/wp-json\/wp\/v2\/media\/1236"}],"wp:attachment":[{"href":"https:\/\/www.ledomaineduchene.fr\/en\/wp-json\/wp\/v2\/media?parent=1737"}],"wp:term":[{"taxonomy":"product_cat","embeddable":true,"href":"https:\/\/www.ledomaineduchene.fr\/en\/wp-json\/wp\/v2\/product_cat?post=1737"},{"taxonomy":"product_tag","embeddable":true,"href":"https:\/\/www.ledomaineduchene.fr\/en\/wp-json\/wp\/v2\/product_tag?post=1737"}],"curies":[{"name":"wp","href":"https:\/\/api.w.org\/{rel}","templated":true}]}}