{"id":1736,"date":"2021-04-08T16:34:03","date_gmt":"2021-04-08T14:34:03","guid":{"rendered":"https:\/\/www.ledomaineduchene.fr\/?post_type=product&#038;p=1736"},"modified":"2023-05-02T18:21:07","modified_gmt":"2023-05-02T16:21:07","slug":"cognac-vs","status":"publish","type":"product","link":"https:\/\/www.ledomaineduchene.fr\/en\/produit\/cognac-vs\/","title":{"rendered":"Cognac VS"},"content":{"rendered":"<p>Cette robe jaune or intense aux reflets caramel blond mettra vos cocktails d\u2019aplomb ! Ce nez expressif marqu\u00e9 par les ar\u00f4mes de fruits blancs, de poire williams et de prune atteste de la jeunesse de l\u2019eau de vie et s\u2019associe \u00e0 des notes lact\u00e9es pour nous offrir un aspect rond et opulent. Sa bouche ample et volumineuse retranscrit les ar\u00f4mes ressentis au nez, la poire soutenue par une sensation de rondeur presque savonneuse, son ressenti chaleureux et sa puissance t\u00e9moignent de la jeunesse et de la fougue de ce cognac.<\/p>\n<p><strong>Accord mets et vins :<\/strong><\/p>\n<ul>\n<li>Variez les plaisirs en cocktails<\/li>\n<li>Ballotine de Brill\u00e2t Savarin flamb\u00e9e \u00e0 la poire williams<\/li>\n<\/ul>\n<p><strong>C\u00e9page :<\/strong> Ugni blanc<br \/>\n<strong>Vieillissement :<\/strong> F\u00fbts de ch\u00eane<br \/>\n<strong>Aspect visuel :<\/strong> Ambr\u00e9, brillant<br \/>\n<strong>Aspect olfactif :<\/strong> Vanille et bois\u00e9<br \/>\n<strong>Aspect gustatif :<\/strong> Fruits confits, chocolat\u00e9<br \/>\n<strong>Teneur en alcool :<\/strong> 40%<\/p>\n","protected":false},"excerpt":{"rendered":"<p>Cette robe jaune or intense aux reflets caramel blond mettra vos cocktails d\u2019aplomb ! Ce nez expressif marqu\u00e9 par les ar\u00f4mes de fruits blancs, de poire williams et de prune atteste de la jeunesse de l\u2019eau de vie et s\u2019associe \u00e0 des notes lact\u00e9es pour nous offrir un aspect rond et opulent. Sa bouche ample [&hellip;]<\/p>\n","protected":false},"featured_media":1244,"template":"","meta":[],"product_cat":[110],"product_tag":[],"class_list":{"0":"post-1736","1":"product","2":"type-product","3":"status-publish","4":"has-post-thumbnail","6":"product_cat-cognac-en","7":"shop-item","8":"isotope-item","10":"first","11":"instock","12":"shipping-taxable","13":"purchasable","14":"product-type-simple"},"yoast_head":"<!-- This site is optimized with the Yoast SEO plugin v23.4 - https:\/\/yoast.com\/wordpress\/plugins\/seo\/ -->\n<title>Cognac VS | Domaine du Ch\u00eane<\/title>\n<meta name=\"robots\" content=\"index, follow, max-snippet:-1, max-image-preview:large, max-video-preview:-1\" \/>\n<link rel=\"canonical\" href=\"https:\/\/www.ledomaineduchene.fr\/produit\/cognac-vs\/\" \/>\n<meta property=\"og:locale\" content=\"en_US\" \/>\n<meta property=\"og:type\" content=\"article\" \/>\n<meta property=\"og:title\" content=\"Cognac VS | Domaine du Ch\u00eane\" \/>\n<meta property=\"og:description\" content=\"Cette robe jaune or intense aux reflets caramel blond mettra vos cocktails d\u2019aplomb ! Ce nez expressif marqu\u00e9 par les ar\u00f4mes de fruits blancs, de poire williams et de prune atteste de la jeunesse de l\u2019eau de vie et s\u2019associe \u00e0 des notes lact\u00e9es pour nous offrir un aspect rond et opulent. Sa bouche ample [&hellip;]\" \/>\n<meta property=\"og:url\" content=\"https:\/\/www.ledomaineduchene.fr\/produit\/cognac-vs\/\" \/>\n<meta property=\"og:site_name\" content=\"Domaine du Ch\u00eane\" \/>\n<meta property=\"article:modified_time\" content=\"2023-05-02T16:21:07+00:00\" \/>\n<meta property=\"og:image\" content=\"https:\/\/www.ledomaineduchene.fr\/wp-content\/uploads\/2020\/11\/cognac_vs.jpg\" \/>\n\t<meta property=\"og:image:width\" content=\"800\" \/>\n\t<meta property=\"og:image:height\" content=\"1131\" \/>\n\t<meta property=\"og:image:type\" content=\"image\/jpeg\" \/>\n<meta name=\"twitter:card\" content=\"summary_large_image\" \/>\n<meta name=\"twitter:label1\" content=\"Est. reading time\" \/>\n\t<meta name=\"twitter:data1\" content=\"1 minute\" \/>\n<script type=\"application\/ld+json\" class=\"yoast-schema-graph\">{\"@context\":\"https:\/\/schema.org\",\"@graph\":[{\"@type\":\"WebPage\",\"@id\":\"https:\/\/www.ledomaineduchene.fr\/produit\/cognac-vs\/\",\"url\":\"https:\/\/www.ledomaineduchene.fr\/produit\/cognac-vs\/\",\"name\":\"Cognac VS | Domaine du Ch\u00eane\",\"isPartOf\":{\"@id\":\"https:\/\/www.ledomaineduchene.fr\/#website\"},\"primaryImageOfPage\":{\"@id\":\"https:\/\/www.ledomaineduchene.fr\/produit\/cognac-vs\/#primaryimage\"},\"image\":{\"@id\":\"https:\/\/www.ledomaineduchene.fr\/produit\/cognac-vs\/#primaryimage\"},\"thumbnailUrl\":\"https:\/\/www.ledomaineduchene.fr\/wp-content\/uploads\/2020\/11\/cognac_vs.jpg\",\"datePublished\":\"2021-04-08T14:34:03+00:00\",\"dateModified\":\"2023-05-02T16:21:07+00:00\",\"breadcrumb\":{\"@id\":\"https:\/\/www.ledomaineduchene.fr\/produit\/cognac-vs\/#breadcrumb\"},\"inLanguage\":\"en-US\",\"potentialAction\":[{\"@type\":\"ReadAction\",\"target\":[\"https:\/\/www.ledomaineduchene.fr\/produit\/cognac-vs\/\"]}]},{\"@type\":\"ImageObject\",\"inLanguage\":\"en-US\",\"@id\":\"https:\/\/www.ledomaineduchene.fr\/produit\/cognac-vs\/#primaryimage\",\"url\":\"https:\/\/www.ledomaineduchene.fr\/wp-content\/uploads\/2020\/11\/cognac_vs.jpg\",\"contentUrl\":\"https:\/\/www.ledomaineduchene.fr\/wp-content\/uploads\/2020\/11\/cognac_vs.jpg\",\"width\":800,\"height\":1131,\"caption\":\"Cognac VS - Le Domaine du Ch\u00eane\"},{\"@type\":\"BreadcrumbList\",\"@id\":\"https:\/\/www.ledomaineduchene.fr\/produit\/cognac-vs\/#breadcrumb\",\"itemListElement\":[{\"@type\":\"ListItem\",\"position\":1,\"name\":\"Accueil\",\"item\":\"https:\/\/www.ledomaineduchene.fr\/en\/\"},{\"@type\":\"ListItem\",\"position\":2,\"name\":\"Boutique\",\"item\":\"https:\/\/www.ledomaineduchene.fr\/boutique\/\"},{\"@type\":\"ListItem\",\"position\":3,\"name\":\"Cognac VS\"}]},{\"@type\":\"WebSite\",\"@id\":\"https:\/\/www.ledomaineduchene.fr\/#website\",\"url\":\"https:\/\/www.ledomaineduchene.fr\/\",\"name\":\"Domaine du Ch\u00eane\",\"description\":\"\",\"publisher\":{\"@id\":\"https:\/\/www.ledomaineduchene.fr\/#organization\"},\"potentialAction\":[{\"@type\":\"SearchAction\",\"target\":{\"@type\":\"EntryPoint\",\"urlTemplate\":\"https:\/\/www.ledomaineduchene.fr\/?s={search_term_string}\"},\"query-input\":{\"@type\":\"PropertyValueSpecification\",\"valueRequired\":true,\"valueName\":\"search_term_string\"}}],\"inLanguage\":\"en-US\"},{\"@type\":\"Organization\",\"@id\":\"https:\/\/www.ledomaineduchene.fr\/#organization\",\"name\":\"Le Domaine du Ch\u00eane\",\"url\":\"https:\/\/www.ledomaineduchene.fr\/\",\"logo\":{\"@type\":\"ImageObject\",\"inLanguage\":\"en-US\",\"@id\":\"https:\/\/www.ledomaineduchene.fr\/#\/schema\/logo\/image\/\",\"url\":\"https:\/\/www.ledomaineduchene.fr\/wp-content\/uploads\/2020\/11\/logo_small.png\",\"contentUrl\":\"https:\/\/www.ledomaineduchene.fr\/wp-content\/uploads\/2020\/11\/logo_small.png\",\"width\":88,\"height\":60,\"caption\":\"Le Domaine du Ch\u00eane\"},\"image\":{\"@id\":\"https:\/\/www.ledomaineduchene.fr\/#\/schema\/logo\/image\/\"}}]}<\/script>\n<!-- \/ Yoast SEO plugin. -->","yoast_head_json":{"title":"Cognac VS | Domaine du Ch\u00eane","robots":{"index":"index","follow":"follow","max-snippet":"max-snippet:-1","max-image-preview":"max-image-preview:large","max-video-preview":"max-video-preview:-1"},"canonical":"https:\/\/www.ledomaineduchene.fr\/produit\/cognac-vs\/","og_locale":"en_US","og_type":"article","og_title":"Cognac VS | Domaine du Ch\u00eane","og_description":"Cette robe jaune or intense aux reflets caramel blond mettra vos cocktails d\u2019aplomb ! Ce nez expressif marqu\u00e9 par les ar\u00f4mes de fruits blancs, de poire williams et de prune atteste de la jeunesse de l\u2019eau de vie et s\u2019associe \u00e0 des notes lact\u00e9es pour nous offrir un aspect rond et opulent. Sa bouche ample [&hellip;]","og_url":"https:\/\/www.ledomaineduchene.fr\/produit\/cognac-vs\/","og_site_name":"Domaine du Ch\u00eane","article_modified_time":"2023-05-02T16:21:07+00:00","og_image":[{"width":800,"height":1131,"url":"https:\/\/www.ledomaineduchene.fr\/wp-content\/uploads\/2020\/11\/cognac_vs.jpg","type":"image\/jpeg"}],"twitter_card":"summary_large_image","twitter_misc":{"Est. reading time":"1 minute"},"schema":{"@context":"https:\/\/schema.org","@graph":[{"@type":"WebPage","@id":"https:\/\/www.ledomaineduchene.fr\/produit\/cognac-vs\/","url":"https:\/\/www.ledomaineduchene.fr\/produit\/cognac-vs\/","name":"Cognac VS | Domaine du Ch\u00eane","isPartOf":{"@id":"https:\/\/www.ledomaineduchene.fr\/#website"},"primaryImageOfPage":{"@id":"https:\/\/www.ledomaineduchene.fr\/produit\/cognac-vs\/#primaryimage"},"image":{"@id":"https:\/\/www.ledomaineduchene.fr\/produit\/cognac-vs\/#primaryimage"},"thumbnailUrl":"https:\/\/www.ledomaineduchene.fr\/wp-content\/uploads\/2020\/11\/cognac_vs.jpg","datePublished":"2021-04-08T14:34:03+00:00","dateModified":"2023-05-02T16:21:07+00:00","breadcrumb":{"@id":"https:\/\/www.ledomaineduchene.fr\/produit\/cognac-vs\/#breadcrumb"},"inLanguage":"en-US","potentialAction":[{"@type":"ReadAction","target":["https:\/\/www.ledomaineduchene.fr\/produit\/cognac-vs\/"]}]},{"@type":"ImageObject","inLanguage":"en-US","@id":"https:\/\/www.ledomaineduchene.fr\/produit\/cognac-vs\/#primaryimage","url":"https:\/\/www.ledomaineduchene.fr\/wp-content\/uploads\/2020\/11\/cognac_vs.jpg","contentUrl":"https:\/\/www.ledomaineduchene.fr\/wp-content\/uploads\/2020\/11\/cognac_vs.jpg","width":800,"height":1131,"caption":"Cognac VS - Le Domaine du Ch\u00eane"},{"@type":"BreadcrumbList","@id":"https:\/\/www.ledomaineduchene.fr\/produit\/cognac-vs\/#breadcrumb","itemListElement":[{"@type":"ListItem","position":1,"name":"Accueil","item":"https:\/\/www.ledomaineduchene.fr\/en\/"},{"@type":"ListItem","position":2,"name":"Boutique","item":"https:\/\/www.ledomaineduchene.fr\/boutique\/"},{"@type":"ListItem","position":3,"name":"Cognac VS"}]},{"@type":"WebSite","@id":"https:\/\/www.ledomaineduchene.fr\/#website","url":"https:\/\/www.ledomaineduchene.fr\/","name":"Domaine du Ch\u00eane","description":"","publisher":{"@id":"https:\/\/www.ledomaineduchene.fr\/#organization"},"potentialAction":[{"@type":"SearchAction","target":{"@type":"EntryPoint","urlTemplate":"https:\/\/www.ledomaineduchene.fr\/?s={search_term_string}"},"query-input":{"@type":"PropertyValueSpecification","valueRequired":true,"valueName":"search_term_string"}}],"inLanguage":"en-US"},{"@type":"Organization","@id":"https:\/\/www.ledomaineduchene.fr\/#organization","name":"Le Domaine du Ch\u00eane","url":"https:\/\/www.ledomaineduchene.fr\/","logo":{"@type":"ImageObject","inLanguage":"en-US","@id":"https:\/\/www.ledomaineduchene.fr\/#\/schema\/logo\/image\/","url":"https:\/\/www.ledomaineduchene.fr\/wp-content\/uploads\/2020\/11\/logo_small.png","contentUrl":"https:\/\/www.ledomaineduchene.fr\/wp-content\/uploads\/2020\/11\/logo_small.png","width":88,"height":60,"caption":"Le Domaine du Ch\u00eane"},"image":{"@id":"https:\/\/www.ledomaineduchene.fr\/#\/schema\/logo\/image\/"}}]}},"_links":{"self":[{"href":"https:\/\/www.ledomaineduchene.fr\/en\/wp-json\/wp\/v2\/product\/1736"}],"collection":[{"href":"https:\/\/www.ledomaineduchene.fr\/en\/wp-json\/wp\/v2\/product"}],"about":[{"href":"https:\/\/www.ledomaineduchene.fr\/en\/wp-json\/wp\/v2\/types\/product"}],"wp:featuredmedia":[{"embeddable":true,"href":"https:\/\/www.ledomaineduchene.fr\/en\/wp-json\/wp\/v2\/media\/1244"}],"wp:attachment":[{"href":"https:\/\/www.ledomaineduchene.fr\/en\/wp-json\/wp\/v2\/media?parent=1736"}],"wp:term":[{"taxonomy":"product_cat","embeddable":true,"href":"https:\/\/www.ledomaineduchene.fr\/en\/wp-json\/wp\/v2\/product_cat?post=1736"},{"taxonomy":"product_tag","embeddable":true,"href":"https:\/\/www.ledomaineduchene.fr\/en\/wp-json\/wp\/v2\/product_tag?post=1736"}],"curies":[{"name":"wp","href":"https:\/\/api.w.org\/{rel}","templated":true}]}}