{"id":1730,"date":"2021-04-08T15:34:47","date_gmt":"2021-04-08T13:34:47","guid":{"rendered":"https:\/\/www.ledomaineduchene.fr\/?post_type=product&#038;p=1730"},"modified":"2023-05-02T18:20:34","modified_gmt":"2023-05-02T16:20:34","slug":"pineau-des-charentes-mono-cepage-vieux-rouge-merlot-noir","status":"publish","type":"product","link":"https:\/\/www.ledomaineduchene.fr\/en\/produit\/pineau-des-charentes-mono-cepage-vieux-rouge-merlot-noir\/","title":{"rendered":"Pineau des Charentes Mono C\u00e9page Vieux Rouge Merlot Noir"},"content":{"rendered":"<p>Ce vieux pineau rouge d\u00e9voile une robe rouge acajou aux reflets ambr\u00e9s. Le nez est riche et \u00e9volu\u00e9. Il s\u2019ouvre sur des notes de cerises kirsch\u00e9es, de fruits secs et \u00e0 coque alliant des touches bois\u00e9es formant un ensemble vari\u00e9 et gourmand. La bouche est ronde, dense et complexe. Elle s\u2019ouvre sur des notes de pruneaux, de cerises et de noix s\u00e9ch\u00e9es tout en alliant un aspect bois\u00e9 avec des touches de rancio qui se prolongent sur des notes de cacao amer. Les tanins sont pr\u00e9sents mais fondus associ\u00e9s \u00e0 une agr\u00e9able fra\u00eecheur qui procurent une longueur en bouche persistante et raffin\u00e9e.<\/p>\n<p><strong>Accord mets et vins :<\/strong><\/p>\n<ul>\n<li>For\u00eat noire, sorbet cerise amarena<\/li>\n<li>G\u00e2teau \u00e0 fort pourcentage de Chocolat<\/li>\n<\/ul>\n<p><strong>C\u00e9page :<\/strong> Merlot noir<br \/>\n<strong>Parcelle :<\/strong> Sol argilo-calcaire<br \/>\n<strong>Aspect visuel :<\/strong> Rouge profond<br \/>\n<strong>Aspect olfactif :<\/strong> Fruits confits<br \/>\n<strong>Aspect gustatif :<\/strong> Fruit rouge, gourmand, l\u00e9g\u00e8re acidit\u00e9 avec un rancio affin\u00e9<br \/>\n<strong>Teneur en alcool :<\/strong> 17 %vol<br \/>\n<strong>Vieillissement :<\/strong> F\u00fbts de ch\u00eane<\/p>\n","protected":false},"excerpt":{"rendered":"<p>Ce vieux pineau rouge d\u00e9voile une robe rouge acajou aux reflets ambr\u00e9s. Le nez est riche et \u00e9volu\u00e9. Il s\u2019ouvre sur des notes de cerises kirsch\u00e9es, de fruits secs et \u00e0 coque alliant des touches bois\u00e9es formant un ensemble vari\u00e9 et gourmand. La bouche est ronde, dense et complexe. Elle s\u2019ouvre sur des notes de [&hellip;]<\/p>\n","protected":false},"featured_media":1522,"template":"","meta":[],"product_cat":[111,112],"product_tag":[],"class_list":{"0":"post-1730","1":"product","2":"type-product","3":"status-publish","4":"has-post-thumbnail","6":"product_cat-pineau-en","7":"product_cat-produits-dexception-en","8":"shop-item","9":"isotope-item","11":"first","12":"instock","13":"shipping-taxable","14":"purchasable","15":"product-type-simple"},"yoast_head":"<!-- This site is optimized with the Yoast SEO plugin v23.4 - https:\/\/yoast.com\/wordpress\/plugins\/seo\/ -->\n<title>Pineau des Charentes Mono C\u00e9page Vieux Rouge Merlot Noir | Domaine du Ch\u00eane<\/title>\n<meta name=\"robots\" content=\"index, follow, max-snippet:-1, max-image-preview:large, max-video-preview:-1\" \/>\n<link rel=\"canonical\" href=\"https:\/\/www.ledomaineduchene.fr\/produit\/pineau-des-charentes-mono-cepage-vieux-rouge-merlot-noir\/\" \/>\n<meta property=\"og:locale\" content=\"en_US\" \/>\n<meta property=\"og:type\" content=\"article\" \/>\n<meta property=\"og:title\" content=\"Pineau des Charentes Mono C\u00e9page Vieux Rouge Merlot Noir | Domaine du Ch\u00eane\" \/>\n<meta property=\"og:description\" content=\"Ce vieux pineau rouge d\u00e9voile une robe rouge acajou aux reflets ambr\u00e9s. Le nez est riche et \u00e9volu\u00e9. Il s\u2019ouvre sur des notes de cerises kirsch\u00e9es, de fruits secs et \u00e0 coque alliant des touches bois\u00e9es formant un ensemble vari\u00e9 et gourmand. La bouche est ronde, dense et complexe. Elle s\u2019ouvre sur des notes de [&hellip;]\" \/>\n<meta property=\"og:url\" content=\"https:\/\/www.ledomaineduchene.fr\/produit\/pineau-des-charentes-mono-cepage-vieux-rouge-merlot-noir\/\" \/>\n<meta property=\"og:site_name\" content=\"Domaine du Ch\u00eane\" \/>\n<meta property=\"article:modified_time\" content=\"2023-05-02T16:20:34+00:00\" \/>\n<meta property=\"og:image\" content=\"https:\/\/www.ledomaineduchene.fr\/wp-content\/uploads\/2020\/11\/Webp.net-compress-image-2.jpg\" \/>\n\t<meta property=\"og:image:width\" content=\"800\" \/>\n\t<meta property=\"og:image:height\" content=\"800\" \/>\n\t<meta property=\"og:image:type\" content=\"image\/jpeg\" \/>\n<meta name=\"twitter:card\" content=\"summary_large_image\" \/>\n<meta name=\"twitter:label1\" content=\"Est. reading time\" \/>\n\t<meta name=\"twitter:data1\" content=\"1 minute\" \/>\n<script type=\"application\/ld+json\" class=\"yoast-schema-graph\">{\"@context\":\"https:\/\/schema.org\",\"@graph\":[{\"@type\":\"WebPage\",\"@id\":\"https:\/\/www.ledomaineduchene.fr\/produit\/pineau-des-charentes-mono-cepage-vieux-rouge-merlot-noir\/\",\"url\":\"https:\/\/www.ledomaineduchene.fr\/produit\/pineau-des-charentes-mono-cepage-vieux-rouge-merlot-noir\/\",\"name\":\"Pineau des Charentes Mono C\u00e9page Vieux Rouge Merlot Noir | Domaine du Ch\u00eane\",\"isPartOf\":{\"@id\":\"https:\/\/www.ledomaineduchene.fr\/#website\"},\"primaryImageOfPage\":{\"@id\":\"https:\/\/www.ledomaineduchene.fr\/produit\/pineau-des-charentes-mono-cepage-vieux-rouge-merlot-noir\/#primaryimage\"},\"image\":{\"@id\":\"https:\/\/www.ledomaineduchene.fr\/produit\/pineau-des-charentes-mono-cepage-vieux-rouge-merlot-noir\/#primaryimage\"},\"thumbnailUrl\":\"https:\/\/www.ledomaineduchene.fr\/wp-content\/uploads\/2020\/11\/Webp.net-compress-image-2.jpg\",\"datePublished\":\"2021-04-08T13:34:47+00:00\",\"dateModified\":\"2023-05-02T16:20:34+00:00\",\"breadcrumb\":{\"@id\":\"https:\/\/www.ledomaineduchene.fr\/produit\/pineau-des-charentes-mono-cepage-vieux-rouge-merlot-noir\/#breadcrumb\"},\"inLanguage\":\"en-US\",\"potentialAction\":[{\"@type\":\"ReadAction\",\"target\":[\"https:\/\/www.ledomaineduchene.fr\/produit\/pineau-des-charentes-mono-cepage-vieux-rouge-merlot-noir\/\"]}]},{\"@type\":\"ImageObject\",\"inLanguage\":\"en-US\",\"@id\":\"https:\/\/www.ledomaineduchene.fr\/produit\/pineau-des-charentes-mono-cepage-vieux-rouge-merlot-noir\/#primaryimage\",\"url\":\"https:\/\/www.ledomaineduchene.fr\/wp-content\/uploads\/2020\/11\/Webp.net-compress-image-2.jpg\",\"contentUrl\":\"https:\/\/www.ledomaineduchene.fr\/wp-content\/uploads\/2020\/11\/Webp.net-compress-image-2.jpg\",\"width\":800,\"height\":800,\"caption\":\"Pineau des Charentes Mono C\u00e9page Vieux Rouge Merlot Noir\"},{\"@type\":\"BreadcrumbList\",\"@id\":\"https:\/\/www.ledomaineduchene.fr\/produit\/pineau-des-charentes-mono-cepage-vieux-rouge-merlot-noir\/#breadcrumb\",\"itemListElement\":[{\"@type\":\"ListItem\",\"position\":1,\"name\":\"Accueil\",\"item\":\"https:\/\/www.ledomaineduchene.fr\/en\/\"},{\"@type\":\"ListItem\",\"position\":2,\"name\":\"Boutique\",\"item\":\"https:\/\/www.ledomaineduchene.fr\/boutique\/\"},{\"@type\":\"ListItem\",\"position\":3,\"name\":\"Pineau des Charentes Mono C\u00e9page Vieux Rouge Merlot Noir\"}]},{\"@type\":\"WebSite\",\"@id\":\"https:\/\/www.ledomaineduchene.fr\/#website\",\"url\":\"https:\/\/www.ledomaineduchene.fr\/\",\"name\":\"Domaine du Ch\u00eane\",\"description\":\"\",\"publisher\":{\"@id\":\"https:\/\/www.ledomaineduchene.fr\/#organization\"},\"potentialAction\":[{\"@type\":\"SearchAction\",\"target\":{\"@type\":\"EntryPoint\",\"urlTemplate\":\"https:\/\/www.ledomaineduchene.fr\/?s={search_term_string}\"},\"query-input\":{\"@type\":\"PropertyValueSpecification\",\"valueRequired\":true,\"valueName\":\"search_term_string\"}}],\"inLanguage\":\"en-US\"},{\"@type\":\"Organization\",\"@id\":\"https:\/\/www.ledomaineduchene.fr\/#organization\",\"name\":\"Le Domaine du Ch\u00eane\",\"url\":\"https:\/\/www.ledomaineduchene.fr\/\",\"logo\":{\"@type\":\"ImageObject\",\"inLanguage\":\"en-US\",\"@id\":\"https:\/\/www.ledomaineduchene.fr\/#\/schema\/logo\/image\/\",\"url\":\"https:\/\/www.ledomaineduchene.fr\/wp-content\/uploads\/2020\/11\/logo_small.png\",\"contentUrl\":\"https:\/\/www.ledomaineduchene.fr\/wp-content\/uploads\/2020\/11\/logo_small.png\",\"width\":88,\"height\":60,\"caption\":\"Le Domaine du Ch\u00eane\"},\"image\":{\"@id\":\"https:\/\/www.ledomaineduchene.fr\/#\/schema\/logo\/image\/\"}}]}<\/script>\n<!-- \/ Yoast SEO plugin. -->","yoast_head_json":{"title":"Pineau des Charentes Mono C\u00e9page Vieux Rouge Merlot Noir | Domaine du Ch\u00eane","robots":{"index":"index","follow":"follow","max-snippet":"max-snippet:-1","max-image-preview":"max-image-preview:large","max-video-preview":"max-video-preview:-1"},"canonical":"https:\/\/www.ledomaineduchene.fr\/produit\/pineau-des-charentes-mono-cepage-vieux-rouge-merlot-noir\/","og_locale":"en_US","og_type":"article","og_title":"Pineau des Charentes Mono C\u00e9page Vieux Rouge Merlot Noir | Domaine du Ch\u00eane","og_description":"Ce vieux pineau rouge d\u00e9voile une robe rouge acajou aux reflets ambr\u00e9s. Le nez est riche et \u00e9volu\u00e9. Il s\u2019ouvre sur des notes de cerises kirsch\u00e9es, de fruits secs et \u00e0 coque alliant des touches bois\u00e9es formant un ensemble vari\u00e9 et gourmand. La bouche est ronde, dense et complexe. Elle s\u2019ouvre sur des notes de [&hellip;]","og_url":"https:\/\/www.ledomaineduchene.fr\/produit\/pineau-des-charentes-mono-cepage-vieux-rouge-merlot-noir\/","og_site_name":"Domaine du Ch\u00eane","article_modified_time":"2023-05-02T16:20:34+00:00","og_image":[{"width":800,"height":800,"url":"https:\/\/www.ledomaineduchene.fr\/wp-content\/uploads\/2020\/11\/Webp.net-compress-image-2.jpg","type":"image\/jpeg"}],"twitter_card":"summary_large_image","twitter_misc":{"Est. reading time":"1 minute"},"schema":{"@context":"https:\/\/schema.org","@graph":[{"@type":"WebPage","@id":"https:\/\/www.ledomaineduchene.fr\/produit\/pineau-des-charentes-mono-cepage-vieux-rouge-merlot-noir\/","url":"https:\/\/www.ledomaineduchene.fr\/produit\/pineau-des-charentes-mono-cepage-vieux-rouge-merlot-noir\/","name":"Pineau des Charentes Mono C\u00e9page Vieux Rouge Merlot Noir | Domaine du Ch\u00eane","isPartOf":{"@id":"https:\/\/www.ledomaineduchene.fr\/#website"},"primaryImageOfPage":{"@id":"https:\/\/www.ledomaineduchene.fr\/produit\/pineau-des-charentes-mono-cepage-vieux-rouge-merlot-noir\/#primaryimage"},"image":{"@id":"https:\/\/www.ledomaineduchene.fr\/produit\/pineau-des-charentes-mono-cepage-vieux-rouge-merlot-noir\/#primaryimage"},"thumbnailUrl":"https:\/\/www.ledomaineduchene.fr\/wp-content\/uploads\/2020\/11\/Webp.net-compress-image-2.jpg","datePublished":"2021-04-08T13:34:47+00:00","dateModified":"2023-05-02T16:20:34+00:00","breadcrumb":{"@id":"https:\/\/www.ledomaineduchene.fr\/produit\/pineau-des-charentes-mono-cepage-vieux-rouge-merlot-noir\/#breadcrumb"},"inLanguage":"en-US","potentialAction":[{"@type":"ReadAction","target":["https:\/\/www.ledomaineduchene.fr\/produit\/pineau-des-charentes-mono-cepage-vieux-rouge-merlot-noir\/"]}]},{"@type":"ImageObject","inLanguage":"en-US","@id":"https:\/\/www.ledomaineduchene.fr\/produit\/pineau-des-charentes-mono-cepage-vieux-rouge-merlot-noir\/#primaryimage","url":"https:\/\/www.ledomaineduchene.fr\/wp-content\/uploads\/2020\/11\/Webp.net-compress-image-2.jpg","contentUrl":"https:\/\/www.ledomaineduchene.fr\/wp-content\/uploads\/2020\/11\/Webp.net-compress-image-2.jpg","width":800,"height":800,"caption":"Pineau des Charentes Mono C\u00e9page Vieux Rouge Merlot Noir"},{"@type":"BreadcrumbList","@id":"https:\/\/www.ledomaineduchene.fr\/produit\/pineau-des-charentes-mono-cepage-vieux-rouge-merlot-noir\/#breadcrumb","itemListElement":[{"@type":"ListItem","position":1,"name":"Accueil","item":"https:\/\/www.ledomaineduchene.fr\/en\/"},{"@type":"ListItem","position":2,"name":"Boutique","item":"https:\/\/www.ledomaineduchene.fr\/boutique\/"},{"@type":"ListItem","position":3,"name":"Pineau des Charentes Mono C\u00e9page Vieux Rouge Merlot Noir"}]},{"@type":"WebSite","@id":"https:\/\/www.ledomaineduchene.fr\/#website","url":"https:\/\/www.ledomaineduchene.fr\/","name":"Domaine du Ch\u00eane","description":"","publisher":{"@id":"https:\/\/www.ledomaineduchene.fr\/#organization"},"potentialAction":[{"@type":"SearchAction","target":{"@type":"EntryPoint","urlTemplate":"https:\/\/www.ledomaineduchene.fr\/?s={search_term_string}"},"query-input":{"@type":"PropertyValueSpecification","valueRequired":true,"valueName":"search_term_string"}}],"inLanguage":"en-US"},{"@type":"Organization","@id":"https:\/\/www.ledomaineduchene.fr\/#organization","name":"Le Domaine du Ch\u00eane","url":"https:\/\/www.ledomaineduchene.fr\/","logo":{"@type":"ImageObject","inLanguage":"en-US","@id":"https:\/\/www.ledomaineduchene.fr\/#\/schema\/logo\/image\/","url":"https:\/\/www.ledomaineduchene.fr\/wp-content\/uploads\/2020\/11\/logo_small.png","contentUrl":"https:\/\/www.ledomaineduchene.fr\/wp-content\/uploads\/2020\/11\/logo_small.png","width":88,"height":60,"caption":"Le Domaine du Ch\u00eane"},"image":{"@id":"https:\/\/www.ledomaineduchene.fr\/#\/schema\/logo\/image\/"}}]}},"_links":{"self":[{"href":"https:\/\/www.ledomaineduchene.fr\/en\/wp-json\/wp\/v2\/product\/1730"}],"collection":[{"href":"https:\/\/www.ledomaineduchene.fr\/en\/wp-json\/wp\/v2\/product"}],"about":[{"href":"https:\/\/www.ledomaineduchene.fr\/en\/wp-json\/wp\/v2\/types\/product"}],"wp:featuredmedia":[{"embeddable":true,"href":"https:\/\/www.ledomaineduchene.fr\/en\/wp-json\/wp\/v2\/media\/1522"}],"wp:attachment":[{"href":"https:\/\/www.ledomaineduchene.fr\/en\/wp-json\/wp\/v2\/media?parent=1730"}],"wp:term":[{"taxonomy":"product_cat","embeddable":true,"href":"https:\/\/www.ledomaineduchene.fr\/en\/wp-json\/wp\/v2\/product_cat?post=1730"},{"taxonomy":"product_tag","embeddable":true,"href":"https:\/\/www.ledomaineduchene.fr\/en\/wp-json\/wp\/v2\/product_tag?post=1730"}],"curies":[{"name":"wp","href":"https:\/\/api.w.org\/{rel}","templated":true}]}}