{"id":1715,"date":"2021-03-29T15:48:53","date_gmt":"2021-03-29T13:48:53","guid":{"rendered":"https:\/\/www.ledomaineduchene.fr\/?post_type=product&#038;p=1715"},"modified":"2023-05-02T18:20:05","modified_gmt":"2023-05-02T16:20:05","slug":"pineau-des-charentes-mono-cepage-blanc-merlot-blanc","status":"publish","type":"product","link":"https:\/\/www.ledomaineduchene.fr\/en\/produit\/pineau-des-charentes-mono-cepage-blanc-merlot-blanc\/","title":{"rendered":"Pineau des Charentes Mono C\u00e9page Blanc Merlot Blanc"},"content":{"rendered":"<p>Ce pineau blanc d\u00e9voile une robe jaune or aux reflets dor\u00e9s. Le nez est ouvert, riche et fruit\u00e9. Il s\u2019ouvre sur des notes florales, fruit\u00e9es et bois\u00e9es teint\u00e9es d\u2019\u00e9pices douces comme la cannelle lui donnant un style presque oriental tout en conservant une fraicheur et une \u00e9l\u00e9gance qui r\u00e9v\u00e8le son c\u00f4t\u00e9 atypique. La bouche est ronde, finement bois\u00e9e et gourmande. Elle s\u2019ouvre sur des notes de fruits \u00e0 chair blanche comme la p\u00eache plate assortie de touches florales se prolongeant avec des notes d\u2019\u00e9pice douce de cannelle qui enrobent l\u2019aspect bois\u00e9 en finale. La bouche est fra\u00eeche, complexe, subtilement bois\u00e9e et r\u00e9v\u00e8le une persistance aromatique tr\u00e8s agr\u00e9able.<\/p>\n<p><strong>Accord mets et vins :<\/strong><\/p>\n<ul>\n<li>Foie gras po\u00eal\u00e9 minute<\/li>\n<li>Tatin de butternut au miel, Poivre de Java<\/li>\n<\/ul>\n<p><strong>C\u00e9page :<\/strong> Merlot Blanc<br \/>\n<strong>Parcelle :<\/strong> Sol argilo-calcaire<br \/>\n<strong>Aspect visuel :<\/strong> Robe l\u00e9g\u00e8rement cuivr\u00e9e<br \/>\n<strong>Aspect olfactif :<\/strong> Frais<br \/>\n<strong>Aspect gustatif :<\/strong> C\u00e8dre, santal, orange, noisette et ses \u00e9pices (muscade, vanille)<br \/>\n<strong>Teneur en alcool\u00a0:<\/strong> 17 %vol<br \/>\n<strong>Vieillissement :<\/strong> F\u00fbts de ch\u00eane<\/p>\n","protected":false},"excerpt":{"rendered":"<p>Ce pineau blanc d\u00e9voile une robe jaune or aux reflets dor\u00e9s. Le nez est ouvert, riche et fruit\u00e9. Il s\u2019ouvre sur des notes florales, fruit\u00e9es et bois\u00e9es teint\u00e9es d\u2019\u00e9pices douces comme la cannelle lui donnant un style presque oriental tout en conservant une fraicheur et une \u00e9l\u00e9gance qui r\u00e9v\u00e8le son c\u00f4t\u00e9 atypique. La bouche est [&hellip;]<\/p>\n","protected":false},"featured_media":1239,"template":"","meta":[],"product_cat":[111,112],"product_tag":[],"class_list":{"0":"post-1715","1":"product","2":"type-product","3":"status-publish","4":"has-post-thumbnail","6":"product_cat-pineau-en","7":"product_cat-produits-dexception-en","8":"shop-item","9":"isotope-item","11":"first","12":"instock","13":"shipping-taxable","14":"purchasable","15":"product-type-simple"},"yoast_head":"<!-- This site is optimized with the Yoast SEO plugin v23.4 - https:\/\/yoast.com\/wordpress\/plugins\/seo\/ -->\n<title>Pineau des Charentes Mono C\u00e9page Blanc Merlot Blanc | Domaine du Ch\u00eane<\/title>\n<meta name=\"robots\" content=\"index, follow, max-snippet:-1, max-image-preview:large, max-video-preview:-1\" \/>\n<link rel=\"canonical\" href=\"https:\/\/www.ledomaineduchene.fr\/produit\/pineau-des-charentes-mono-cepage-blanc-merlot\/\" \/>\n<meta property=\"og:locale\" content=\"en_US\" \/>\n<meta property=\"og:type\" content=\"article\" \/>\n<meta property=\"og:title\" content=\"Pineau des Charentes Mono C\u00e9page Blanc Merlot Blanc | Domaine du Ch\u00eane\" \/>\n<meta property=\"og:description\" content=\"Ce pineau blanc d\u00e9voile une robe jaune or aux reflets dor\u00e9s. Le nez est ouvert, riche et fruit\u00e9. Il s\u2019ouvre sur des notes florales, fruit\u00e9es et bois\u00e9es teint\u00e9es d\u2019\u00e9pices douces comme la cannelle lui donnant un style presque oriental tout en conservant une fraicheur et une \u00e9l\u00e9gance qui r\u00e9v\u00e8le son c\u00f4t\u00e9 atypique. La bouche est [&hellip;]\" \/>\n<meta property=\"og:url\" content=\"https:\/\/www.ledomaineduchene.fr\/produit\/pineau-des-charentes-mono-cepage-blanc-merlot\/\" \/>\n<meta property=\"og:site_name\" content=\"Domaine du Ch\u00eane\" \/>\n<meta property=\"article:modified_time\" content=\"2023-05-02T16:20:05+00:00\" \/>\n<meta property=\"og:image\" content=\"https:\/\/www.ledomaineduchene.fr\/wp-content\/uploads\/2020\/11\/merlot_blanc.jpg\" \/>\n\t<meta property=\"og:image:width\" content=\"800\" \/>\n\t<meta property=\"og:image:height\" content=\"800\" \/>\n\t<meta property=\"og:image:type\" content=\"image\/jpeg\" \/>\n<meta name=\"twitter:card\" content=\"summary_large_image\" \/>\n<meta name=\"twitter:label1\" content=\"Est. reading time\" \/>\n\t<meta name=\"twitter:data1\" content=\"1 minute\" \/>\n<script type=\"application\/ld+json\" class=\"yoast-schema-graph\">{\"@context\":\"https:\/\/schema.org\",\"@graph\":[{\"@type\":\"WebPage\",\"@id\":\"https:\/\/www.ledomaineduchene.fr\/produit\/pineau-des-charentes-mono-cepage-blanc-merlot\/\",\"url\":\"https:\/\/www.ledomaineduchene.fr\/produit\/pineau-des-charentes-mono-cepage-blanc-merlot\/\",\"name\":\"Pineau des Charentes Mono C\u00e9page Blanc Merlot Blanc | Domaine du Ch\u00eane\",\"isPartOf\":{\"@id\":\"https:\/\/www.ledomaineduchene.fr\/#website\"},\"primaryImageOfPage\":{\"@id\":\"https:\/\/www.ledomaineduchene.fr\/produit\/pineau-des-charentes-mono-cepage-blanc-merlot\/#primaryimage\"},\"image\":{\"@id\":\"https:\/\/www.ledomaineduchene.fr\/produit\/pineau-des-charentes-mono-cepage-blanc-merlot\/#primaryimage\"},\"thumbnailUrl\":\"https:\/\/www.ledomaineduchene.fr\/wp-content\/uploads\/2020\/11\/merlot_blanc.jpg\",\"datePublished\":\"2021-03-29T13:48:53+00:00\",\"dateModified\":\"2023-05-02T16:20:05+00:00\",\"breadcrumb\":{\"@id\":\"https:\/\/www.ledomaineduchene.fr\/produit\/pineau-des-charentes-mono-cepage-blanc-merlot\/#breadcrumb\"},\"inLanguage\":\"en-US\",\"potentialAction\":[{\"@type\":\"ReadAction\",\"target\":[\"https:\/\/www.ledomaineduchene.fr\/produit\/pineau-des-charentes-mono-cepage-blanc-merlot\/\"]}]},{\"@type\":\"ImageObject\",\"inLanguage\":\"en-US\",\"@id\":\"https:\/\/www.ledomaineduchene.fr\/produit\/pineau-des-charentes-mono-cepage-blanc-merlot\/#primaryimage\",\"url\":\"https:\/\/www.ledomaineduchene.fr\/wp-content\/uploads\/2020\/11\/merlot_blanc.jpg\",\"contentUrl\":\"https:\/\/www.ledomaineduchene.fr\/wp-content\/uploads\/2020\/11\/merlot_blanc.jpg\",\"width\":800,\"height\":800,\"caption\":\"Pineau des Charentes Mono C\u00e9page Blanc Merlot Blanc - Le Domaine du Ch\u00eane\"},{\"@type\":\"BreadcrumbList\",\"@id\":\"https:\/\/www.ledomaineduchene.fr\/produit\/pineau-des-charentes-mono-cepage-blanc-merlot\/#breadcrumb\",\"itemListElement\":[{\"@type\":\"ListItem\",\"position\":1,\"name\":\"Accueil\",\"item\":\"https:\/\/www.ledomaineduchene.fr\/en\/\"},{\"@type\":\"ListItem\",\"position\":2,\"name\":\"Boutique\",\"item\":\"https:\/\/www.ledomaineduchene.fr\/boutique\/\"},{\"@type\":\"ListItem\",\"position\":3,\"name\":\"Pineau des Charentes Mono C\u00e9page Blanc Merlot Blanc\"}]},{\"@type\":\"WebSite\",\"@id\":\"https:\/\/www.ledomaineduchene.fr\/#website\",\"url\":\"https:\/\/www.ledomaineduchene.fr\/\",\"name\":\"Domaine du Ch\u00eane\",\"description\":\"\",\"publisher\":{\"@id\":\"https:\/\/www.ledomaineduchene.fr\/#organization\"},\"potentialAction\":[{\"@type\":\"SearchAction\",\"target\":{\"@type\":\"EntryPoint\",\"urlTemplate\":\"https:\/\/www.ledomaineduchene.fr\/?s={search_term_string}\"},\"query-input\":{\"@type\":\"PropertyValueSpecification\",\"valueRequired\":true,\"valueName\":\"search_term_string\"}}],\"inLanguage\":\"en-US\"},{\"@type\":\"Organization\",\"@id\":\"https:\/\/www.ledomaineduchene.fr\/#organization\",\"name\":\"Le Domaine du Ch\u00eane\",\"url\":\"https:\/\/www.ledomaineduchene.fr\/\",\"logo\":{\"@type\":\"ImageObject\",\"inLanguage\":\"en-US\",\"@id\":\"https:\/\/www.ledomaineduchene.fr\/#\/schema\/logo\/image\/\",\"url\":\"https:\/\/www.ledomaineduchene.fr\/wp-content\/uploads\/2020\/11\/logo_small.png\",\"contentUrl\":\"https:\/\/www.ledomaineduchene.fr\/wp-content\/uploads\/2020\/11\/logo_small.png\",\"width\":88,\"height\":60,\"caption\":\"Le Domaine du Ch\u00eane\"},\"image\":{\"@id\":\"https:\/\/www.ledomaineduchene.fr\/#\/schema\/logo\/image\/\"}}]}<\/script>\n<!-- \/ Yoast SEO plugin. -->","yoast_head_json":{"title":"Pineau des Charentes Mono C\u00e9page Blanc Merlot Blanc | Domaine du Ch\u00eane","robots":{"index":"index","follow":"follow","max-snippet":"max-snippet:-1","max-image-preview":"max-image-preview:large","max-video-preview":"max-video-preview:-1"},"canonical":"https:\/\/www.ledomaineduchene.fr\/produit\/pineau-des-charentes-mono-cepage-blanc-merlot\/","og_locale":"en_US","og_type":"article","og_title":"Pineau des Charentes Mono C\u00e9page Blanc Merlot Blanc | Domaine du Ch\u00eane","og_description":"Ce pineau blanc d\u00e9voile une robe jaune or aux reflets dor\u00e9s. Le nez est ouvert, riche et fruit\u00e9. Il s\u2019ouvre sur des notes florales, fruit\u00e9es et bois\u00e9es teint\u00e9es d\u2019\u00e9pices douces comme la cannelle lui donnant un style presque oriental tout en conservant une fraicheur et une \u00e9l\u00e9gance qui r\u00e9v\u00e8le son c\u00f4t\u00e9 atypique. La bouche est [&hellip;]","og_url":"https:\/\/www.ledomaineduchene.fr\/produit\/pineau-des-charentes-mono-cepage-blanc-merlot\/","og_site_name":"Domaine du Ch\u00eane","article_modified_time":"2023-05-02T16:20:05+00:00","og_image":[{"width":800,"height":800,"url":"https:\/\/www.ledomaineduchene.fr\/wp-content\/uploads\/2020\/11\/merlot_blanc.jpg","type":"image\/jpeg"}],"twitter_card":"summary_large_image","twitter_misc":{"Est. reading time":"1 minute"},"schema":{"@context":"https:\/\/schema.org","@graph":[{"@type":"WebPage","@id":"https:\/\/www.ledomaineduchene.fr\/produit\/pineau-des-charentes-mono-cepage-blanc-merlot\/","url":"https:\/\/www.ledomaineduchene.fr\/produit\/pineau-des-charentes-mono-cepage-blanc-merlot\/","name":"Pineau des Charentes Mono C\u00e9page Blanc Merlot Blanc | Domaine du Ch\u00eane","isPartOf":{"@id":"https:\/\/www.ledomaineduchene.fr\/#website"},"primaryImageOfPage":{"@id":"https:\/\/www.ledomaineduchene.fr\/produit\/pineau-des-charentes-mono-cepage-blanc-merlot\/#primaryimage"},"image":{"@id":"https:\/\/www.ledomaineduchene.fr\/produit\/pineau-des-charentes-mono-cepage-blanc-merlot\/#primaryimage"},"thumbnailUrl":"https:\/\/www.ledomaineduchene.fr\/wp-content\/uploads\/2020\/11\/merlot_blanc.jpg","datePublished":"2021-03-29T13:48:53+00:00","dateModified":"2023-05-02T16:20:05+00:00","breadcrumb":{"@id":"https:\/\/www.ledomaineduchene.fr\/produit\/pineau-des-charentes-mono-cepage-blanc-merlot\/#breadcrumb"},"inLanguage":"en-US","potentialAction":[{"@type":"ReadAction","target":["https:\/\/www.ledomaineduchene.fr\/produit\/pineau-des-charentes-mono-cepage-blanc-merlot\/"]}]},{"@type":"ImageObject","inLanguage":"en-US","@id":"https:\/\/www.ledomaineduchene.fr\/produit\/pineau-des-charentes-mono-cepage-blanc-merlot\/#primaryimage","url":"https:\/\/www.ledomaineduchene.fr\/wp-content\/uploads\/2020\/11\/merlot_blanc.jpg","contentUrl":"https:\/\/www.ledomaineduchene.fr\/wp-content\/uploads\/2020\/11\/merlot_blanc.jpg","width":800,"height":800,"caption":"Pineau des Charentes Mono C\u00e9page Blanc Merlot Blanc - Le Domaine du Ch\u00eane"},{"@type":"BreadcrumbList","@id":"https:\/\/www.ledomaineduchene.fr\/produit\/pineau-des-charentes-mono-cepage-blanc-merlot\/#breadcrumb","itemListElement":[{"@type":"ListItem","position":1,"name":"Accueil","item":"https:\/\/www.ledomaineduchene.fr\/en\/"},{"@type":"ListItem","position":2,"name":"Boutique","item":"https:\/\/www.ledomaineduchene.fr\/boutique\/"},{"@type":"ListItem","position":3,"name":"Pineau des Charentes Mono C\u00e9page Blanc Merlot Blanc"}]},{"@type":"WebSite","@id":"https:\/\/www.ledomaineduchene.fr\/#website","url":"https:\/\/www.ledomaineduchene.fr\/","name":"Domaine du Ch\u00eane","description":"","publisher":{"@id":"https:\/\/www.ledomaineduchene.fr\/#organization"},"potentialAction":[{"@type":"SearchAction","target":{"@type":"EntryPoint","urlTemplate":"https:\/\/www.ledomaineduchene.fr\/?s={search_term_string}"},"query-input":{"@type":"PropertyValueSpecification","valueRequired":true,"valueName":"search_term_string"}}],"inLanguage":"en-US"},{"@type":"Organization","@id":"https:\/\/www.ledomaineduchene.fr\/#organization","name":"Le Domaine du Ch\u00eane","url":"https:\/\/www.ledomaineduchene.fr\/","logo":{"@type":"ImageObject","inLanguage":"en-US","@id":"https:\/\/www.ledomaineduchene.fr\/#\/schema\/logo\/image\/","url":"https:\/\/www.ledomaineduchene.fr\/wp-content\/uploads\/2020\/11\/logo_small.png","contentUrl":"https:\/\/www.ledomaineduchene.fr\/wp-content\/uploads\/2020\/11\/logo_small.png","width":88,"height":60,"caption":"Le Domaine du Ch\u00eane"},"image":{"@id":"https:\/\/www.ledomaineduchene.fr\/#\/schema\/logo\/image\/"}}]}},"_links":{"self":[{"href":"https:\/\/www.ledomaineduchene.fr\/en\/wp-json\/wp\/v2\/product\/1715"}],"collection":[{"href":"https:\/\/www.ledomaineduchene.fr\/en\/wp-json\/wp\/v2\/product"}],"about":[{"href":"https:\/\/www.ledomaineduchene.fr\/en\/wp-json\/wp\/v2\/types\/product"}],"wp:featuredmedia":[{"embeddable":true,"href":"https:\/\/www.ledomaineduchene.fr\/en\/wp-json\/wp\/v2\/media\/1239"}],"wp:attachment":[{"href":"https:\/\/www.ledomaineduchene.fr\/en\/wp-json\/wp\/v2\/media?parent=1715"}],"wp:term":[{"taxonomy":"product_cat","embeddable":true,"href":"https:\/\/www.ledomaineduchene.fr\/en\/wp-json\/wp\/v2\/product_cat?post=1715"},{"taxonomy":"product_tag","embeddable":true,"href":"https:\/\/www.ledomaineduchene.fr\/en\/wp-json\/wp\/v2\/product_tag?post=1715"}],"curies":[{"name":"wp","href":"https:\/\/api.w.org\/{rel}","templated":true}]}}